{"id":857,"date":"2023-03-22T12:29:55","date_gmt":"2023-03-22T11:29:55","guid":{"rendered":"https:\/\/khaweb.dev\/prodeco\/?page_id=857"},"modified":"2023-07-26T10:38:07","modified_gmt":"2023-07-26T08:38:07","slug":"dizajn-i-izrada-namestaja","status":"publish","type":"page","link":"https:\/\/khaweb.dev\/prodeco\/dizajn-i-izrada-namestaja\/","title":{"rendered":"Dizajn i izrada name\u0161taja"},"content":{"rendered":"<div id='av_section_1'  class='avia-section av-1pmzph-614874e1b4f22fc2f9109776c201a4ac main_color avia-section-default avia-no-border-styling  avia-builder-el-0  el_before_av_section  avia-builder-el-first  avia-bg-style-scroll container_wrap fullsize'  ><div class='container av-section-cont-open' ><main  role=\"main\" itemprop=\"mainContentOfPage\"  class='template-page content  av-content-full alpha units'><div class='post-entry post-entry-type-page post-entry-857'><div class='entry-content-wrapper clearfix'>\n<div class='flex_column_table av-1kmzrp-1540ebf8bcd2ec5ce05da34d919ec665 sc-av_three_fourth av-equal-height-column-flextable'><div class='flex_column av-1kmzrp-1540ebf8bcd2ec5ce05da34d919ec665 av_three_fourth  avia-builder-el-1  el_before_av_one_fourth  avia-builder-el-first  first flex_column_table_cell av-equal-height-column av-align-middle '     ><style type=\"text\/css\" data-created_by=\"avia_inline_auto\" id=\"style-css-av-1gfs3h-5f88dbe891fa14751ea6e878e15a6d8a\">\n#top .av-special-heading.av-1gfs3h-5f88dbe891fa14751ea6e878e15a6d8a{\npadding-bottom:10px;\nfont-size:80px;\n}\nbody .av-special-heading.av-1gfs3h-5f88dbe891fa14751ea6e878e15a6d8a .av-special-heading-tag .heading-char{\nfont-size:25px;\n}\n#top #wrap_all .av-special-heading.av-1gfs3h-5f88dbe891fa14751ea6e878e15a6d8a .av-special-heading-tag{\nfont-size:80px;\n}\n.av-special-heading.av-1gfs3h-5f88dbe891fa14751ea6e878e15a6d8a .av-subheading{\nfont-size:18px;\n}\n\n@media only screen and (min-width: 480px) and (max-width: 767px){ \n#top #wrap_all .av-special-heading.av-1gfs3h-5f88dbe891fa14751ea6e878e15a6d8a .av-special-heading-tag{\nfont-size:0.8em;\n}\n}\n\n@media only screen and (max-width: 479px){ \n#top #wrap_all .av-special-heading.av-1gfs3h-5f88dbe891fa14751ea6e878e15a6d8a .av-special-heading-tag{\nfont-size:0.8em;\n}\n}\n<\/style>\n<div  class='av-special-heading av-1gfs3h-5f88dbe891fa14751ea6e878e15a6d8a av-special-heading-h1 blockquote modern-quote  avia-builder-el-2  avia-builder-el-no-sibling  av-inherit-size'><div class='av-subheading av-subheading_above'><p>Na\u0161e usluge<\/p>\n<\/div><h1 class='av-special-heading-tag'  itemprop=\"headline\"  >Dizajn i izrada name\u0161taja<\/h1><div class=\"special-heading-border\"><div class=\"special-heading-inner-border\"><\/div><\/div><\/div><\/div><div class='av-flex-placeholder'><\/div><div class='flex_column av-17e4bx-1b8b6fd8599328b6357beb0205f8f03a av_one_fourth  avia-builder-el-3  el_after_av_three_fourth  avia-builder-el-last  flex_column_table_cell av-equal-height-column av-align-middle '     ><\/div><\/div><!--close column table wrapper. Autoclose: 1 -->\n\n<\/div><\/div><\/main><!-- close content main element --><\/div><\/div>\n<style type=\"text\/css\" data-created_by=\"avia_inline_auto\" id=\"style-css-av-lfcsxq3r-7f61cd9fb84e24f1a266101ba12a4566\">\n.avia-section.av-lfcsxq3r-7f61cd9fb84e24f1a266101ba12a4566{\nbackground-repeat:no-repeat;\nbackground-image:url(https:\/\/khaweb.dev\/prodeco\/wp-content\/uploads\/2023\/03\/Prodeco-dizajn-namestaja2-baner.jpg);\nbackground-position:50% 50%;\nbackground-attachment:scroll;\n}\n.avia-section.av-lfcsxq3r-7f61cd9fb84e24f1a266101ba12a4566 .av-section-color-overlay{\nopacity:0.1;\nbackground-color:#0a0a0a;\n}\n<\/style>\n<div id='av_section_2'  class='avia-section av-lfcsxq3r-7f61cd9fb84e24f1a266101ba12a4566 main_color avia-section-default avia-no-border-styling  avia-builder-el-4  el_after_av_section  el_before_av_section  header-slika avia-full-stretch avia-bg-style-scroll av-section-color-overlay-active av-minimum-height av-minimum-height-custom  container_wrap fullsize'  data-section-bg-repeat='stretch' data-av_minimum_height_px='750'><div class=\"av-section-color-overlay-wrap\"><div class=\"av-section-color-overlay\"><\/div><div class='container av-section-cont-open' style='height:750px'><div class='template-page content  av-content-full alpha units'><div class='post-entry post-entry-type-page post-entry-857'><div class='entry-content-wrapper clearfix'>\n<\/div><\/div><\/div><!-- close content main div --><\/div><\/div><\/div><div id='av_section_3'  class='avia-section av-q186t-75254381e88e75b9c9a7d4cac89b569f main_color avia-section-default avia-no-border-styling  avia-builder-el-5  el_after_av_section  el_before_av_section  avia-bg-style-scroll container_wrap fullsize'  ><div class='container av-section-cont-open' ><div class='template-page content  av-content-full alpha units'><div class='post-entry post-entry-type-page post-entry-857'><div class='entry-content-wrapper clearfix'>\n<div class='flex_column av-hs0cd-d7c4d843396fcbf3362288ebde468d5d av_two_third  avia-builder-el-6  el_before_av_hr  avia-builder-el-first  first flex_column_div '     ><style type=\"text\/css\" data-created_by=\"avia_inline_auto\" id=\"style-css-av-lffdfj3v-62b53cc34e4a92fb8259a6c04f8406fc\">\n#top .av-special-heading.av-lffdfj3v-62b53cc34e4a92fb8259a6c04f8406fc{\npadding-bottom:10px;\nfont-size:32px;\n}\nbody .av-special-heading.av-lffdfj3v-62b53cc34e4a92fb8259a6c04f8406fc .av-special-heading-tag .heading-char{\nfont-size:25px;\n}\n#top #wrap_all .av-special-heading.av-lffdfj3v-62b53cc34e4a92fb8259a6c04f8406fc .av-special-heading-tag{\nfont-size:32px;\n}\n.av-special-heading.av-lffdfj3v-62b53cc34e4a92fb8259a6c04f8406fc .av-subheading{\nfont-size:18px;\n}\n\n@media only screen and (min-width: 480px) and (max-width: 767px){ \n#top #wrap_all .av-special-heading.av-lffdfj3v-62b53cc34e4a92fb8259a6c04f8406fc .av-special-heading-tag{\nfont-size:0.8em;\n}\n}\n\n@media only screen and (max-width: 479px){ \n#top #wrap_all .av-special-heading.av-lffdfj3v-62b53cc34e4a92fb8259a6c04f8406fc .av-special-heading-tag{\nfont-size:0.8em;\n}\n}\n<\/style>\n<div  class='av-special-heading av-lffdfj3v-62b53cc34e4a92fb8259a6c04f8406fc av-special-heading-h2 blockquote modern-quote  avia-builder-el-7  avia-builder-el-no-sibling  av-inherit-size'><div class='av-subheading av-subheading_above'><p>O nama<\/p>\n<\/div><h2 class='av-special-heading-tag'  itemprop=\"headline\"  >Poku\u0161ali smo da Vam odgovorimo na sva op\u0161ta pitanja sa kojima se susre\u0107u svi oni kojima su potrebne konsultacije iz oblasti primenjene arhitekture<\/h2><div class=\"special-heading-border\"><div class=\"special-heading-inner-border\"><\/div><\/div><\/div><\/div>\n<style type=\"text\/css\" data-created_by=\"avia_inline_auto\" id=\"style-css-av-4ne2hp-52e17abb7fa3d6b268d499f5944bc619\">\n#top .hr.hr-invisible.av-4ne2hp-52e17abb7fa3d6b268d499f5944bc619{\nheight:25px;\n}\n<\/style>\n<div  class='hr av-4ne2hp-52e17abb7fa3d6b268d499f5944bc619 hr-invisible  avia-builder-el-8  el_after_av_two_third  el_before_av_toggle_container '><span class='hr-inner '><span class=\"hr-inner-style\"><\/span><\/span><\/div>\n\n<style type=\"text\/css\" data-created_by=\"avia_inline_auto\" id=\"style-css-av-10vcm1-7e6652a4caa4b6e0f1138c5b000305e1\">\n#top .togglecontainer.av-10vcm1-7e6652a4caa4b6e0f1138c5b000305e1 p.toggler{\ncolor:#0a0a0a;\nbackground-color:#f9f9f9;\nborder-color:rgba(211,185,163,0.23);\n}\n#top .togglecontainer.av-10vcm1-7e6652a4caa4b6e0f1138c5b000305e1 p.toggler.activeTitle{\nbackground-color:#f2efec;\n}\n#top .togglecontainer.av-10vcm1-7e6652a4caa4b6e0f1138c5b000305e1 p.toggler:not(.activeTitle):hover{\ncolor:#0a0a0a;\nbackground-color:#f2efec;\n}\n#top .togglecontainer.av-10vcm1-7e6652a4caa4b6e0f1138c5b000305e1 p.toggler:not(.activeTitle):hover .toggle_icon, #top .togglecontainer.av-10vcm1-7e6652a4caa4b6e0f1138c5b000305e1 p.toggler:not(.activeTitle):hover .toggle_icon *{\nborder-color:#0a0a0a !important;\n}\n#top .togglecontainer.av-10vcm1-7e6652a4caa4b6e0f1138c5b000305e1 p.toggler .toggle_icon{\ncolor:#0a0a0a;\nborder-color:#0a0a0a;\n}\n#top .togglecontainer.av-10vcm1-7e6652a4caa4b6e0f1138c5b000305e1 p.toggler .toggle_icon > span{\ncolor:#0a0a0a;\nborder-color:#0a0a0a;\n}\n#top .togglecontainer.av-10vcm1-7e6652a4caa4b6e0f1138c5b000305e1 p.toggler.activeTitle .toggle_icon, #top .togglecontainer.av-10vcm1-7e6652a4caa4b6e0f1138c5b000305e1 p.toggler.activeTitle .toggle_icon > span{\ncolor:#0a0a0a;\nborder-color:#0a0a0a;\n}\n#top .togglecontainer.av-10vcm1-7e6652a4caa4b6e0f1138c5b000305e1 .toggle_wrap .toggle_content{\ncolor:#0a0a0a;\nbackground-color:#f9f9f9;\nborder-color:rgba(211,185,163,0.23);\n}\n<\/style>\n<div  class='togglecontainer av-10vcm1-7e6652a4caa4b6e0f1138c5b000305e1 av-elegant-toggle  avia-builder-el-9  el_after_av_hr  el_before_av_textblock  toggle_close_all'  itemscope=\"itemscope\" itemtype=\"https:\/\/schema.org\/FAQPage\" >\n<section class='av_toggle_section av-yvb8x-95df330e26882d0b53a3069d4d9228a4'  itemscope=\"itemscope\" itemprop=\"mainEntity\" itemtype=\"https:\/\/schema.org\/Question\" ><div role=\"tablist\" class=\"single_toggle\" data-tags=\"{Sve} \"  ><p data-fake-id='#toggle-id-1' class='toggler  activeTitle av-inherit-border-color'  itemprop=\"name\"  role='tab' tabindex='0' aria-controls='toggle-id-1'><sup>01<\/sup> Kuhinje po meri<span class=\"toggle_icon\"><span class=\"vert_icon\"><\/span><span class=\"hor_icon\"><\/span><\/span><\/p><div id='toggle-id-1' class='toggle_wrap  active_tc' style='display:block;'  itemscope=\"itemscope\" itemprop=\"acceptedAnswer\" itemtype=\"https:\/\/schema.org\/Answer\" ><div class='toggle_content invers-color av-inherit-border-color'  itemprop=\"text\" ><p>Konstruktion was founded on the belief that every decision we make impacts people and communities. It\u2019s why we put humanity at the center of everything we do. It\u2019s why we bring together different voices and points of view so that what we create makes everyone\u2019s life better. It\u2019s why what we build will bring value to society long after our lifetime. And it\u2019s why we never stop thinking about reshaping the future.<\/p>\n<\/div><\/div><\/div><\/section>\n<section class='av_toggle_section av-pqwpt-245a23544a59b06ea462521ee1f72de9'  itemscope=\"itemscope\" itemprop=\"mainEntity\" itemtype=\"https:\/\/schema.org\/Question\" ><div role=\"tablist\" class=\"single_toggle\" data-tags=\"{Sve} \"  ><p data-fake-id='#toggle-id-2' class='toggler   av-inherit-border-color'  itemprop=\"name\"  role='tab' tabindex='0' aria-controls='toggle-id-2'><sup>02<\/sup> Ugradni plakari po meri<span class=\"toggle_icon\"><span class=\"vert_icon\"><\/span><span class=\"hor_icon\"><\/span><\/span><\/p><div id='toggle-id-2' class='toggle_wrap  '   itemscope=\"itemscope\" itemprop=\"acceptedAnswer\" itemtype=\"https:\/\/schema.org\/Answer\" ><div class='toggle_content invers-color av-inherit-border-color'  itemprop=\"text\" ><p>Konstruktion was founded on the belief that every decision we make impacts people and communities. It\u2019s why we put humanity at the center of everything we do. It\u2019s why we bring together different voices and points of view so that what we create makes everyone\u2019s life better. It\u2019s why what we build will bring value to society long after our lifetime. And it\u2019s why we never stop thinking about reshaping the future.<\/p>\n<\/div><\/div><\/div><\/section>\n<section class='av_toggle_section av-j6ett-37a2c6b44123c5fd3bcd34f176ac8177'  itemscope=\"itemscope\" itemprop=\"mainEntity\" itemtype=\"https:\/\/schema.org\/Question\" ><div role=\"tablist\" class=\"single_toggle\" data-tags=\"{Sve} \"  ><p data-fake-id='#toggle-id-3' class='toggler   av-inherit-border-color'  itemprop=\"name\"  role='tab' tabindex='0' aria-controls='toggle-id-3'><sup>03<\/sup> Stolovi, stolice, klub sto\u010di\u0107i<span class=\"toggle_icon\"><span class=\"vert_icon\"><\/span><span class=\"hor_icon\"><\/span><\/span><\/p><div id='toggle-id-3' class='toggle_wrap  '   itemscope=\"itemscope\" itemprop=\"acceptedAnswer\" itemtype=\"https:\/\/schema.org\/Answer\" ><div class='toggle_content invers-color av-inherit-border-color'  itemprop=\"text\" ><p>Konstruktion was founded on the belief that every decision we make impacts people and communities. It\u2019s why we put humanity at the center of everything we do. It\u2019s why we bring together different voices and points of view so that what we create makes everyone\u2019s life better. It\u2019s why what we build will bring value to society long after our lifetime. And it\u2019s why we never stop thinking about reshaping the future.<\/p>\n<\/div><\/div><\/div><\/section>\n<section class='av_toggle_section av-hm981-9e245f360050503e3b1d4a149f583686'  itemscope=\"itemscope\" itemprop=\"mainEntity\" itemtype=\"https:\/\/schema.org\/Question\" ><div role=\"tablist\" class=\"single_toggle\" data-tags=\"{Sve} \"  ><p data-fake-id='#toggle-id-4' class='toggler   av-inherit-border-color'  itemprop=\"name\"  role='tab' tabindex='0' aria-controls='toggle-id-4'><sup>04<\/sup> \u0160ankovi i barske stolice<span class=\"toggle_icon\"><span class=\"vert_icon\"><\/span><span class=\"hor_icon\"><\/span><\/span><\/p><div id='toggle-id-4' class='toggle_wrap  '   itemscope=\"itemscope\" itemprop=\"acceptedAnswer\" itemtype=\"https:\/\/schema.org\/Answer\" ><div class='toggle_content invers-color av-inherit-border-color'  itemprop=\"text\" ><p>Konstruktion was founded on the belief that every decision we make impacts people and communities. It\u2019s why we put humanity at the center of everything we do. It\u2019s why we bring together different voices and points of view so that what we create makes everyone\u2019s life better. It\u2019s why what we build will bring value to society long after our lifetime. And it\u2019s why we never stop thinking about reshaping the future.<\/p>\n<\/div><\/div><\/div><\/section>\n<section class='av_toggle_section av-b0r2h-077c188ae01cae0f22763185dd26f291'  itemscope=\"itemscope\" itemprop=\"mainEntity\" itemtype=\"https:\/\/schema.org\/Question\" ><div role=\"tablist\" class=\"single_toggle\" data-tags=\"{Sve} \"  ><p data-fake-id='#toggle-id-5' class='toggler   av-inherit-border-color'  itemprop=\"name\"  role='tab' tabindex='0' aria-controls='toggle-id-5'><sup>05<\/sup> Vinarije, police, biblioteke po meri<span class=\"toggle_icon\"><span class=\"vert_icon\"><\/span><span class=\"hor_icon\"><\/span><\/span><\/p><div id='toggle-id-5' class='toggle_wrap  '   itemscope=\"itemscope\" itemprop=\"acceptedAnswer\" itemtype=\"https:\/\/schema.org\/Answer\" ><div class='toggle_content invers-color av-inherit-border-color'  itemprop=\"text\" ><p>Konstruktion was founded on the belief that every decision we make impacts people and communities. It\u2019s why we put humanity at the center of everything we do. It\u2019s why we bring together different voices and points of view so that what we create makes everyone\u2019s life better. It\u2019s why what we build will bring value to society long after our lifetime. And it\u2019s why we never stop thinking about reshaping the future.<\/p>\n<\/div><\/div><\/div><\/section>\n<section class='av_toggle_section av-b0r2h-1-2913bfc53dce8c9b087927fe8b2cd66a'  itemscope=\"itemscope\" itemprop=\"mainEntity\" itemtype=\"https:\/\/schema.org\/Question\" ><div role=\"tablist\" class=\"single_toggle\" data-tags=\"{Sve} \"  ><p data-fake-id='#toggle-id-6' class='toggler   av-inherit-border-color'  itemprop=\"name\"  role='tab' tabindex='0' aria-controls='toggle-id-6'><sup>06<\/sup> Ugaone garniture i kreveti<span class=\"toggle_icon\"><span class=\"vert_icon\"><\/span><span class=\"hor_icon\"><\/span><\/span><\/p><div id='toggle-id-6' class='toggle_wrap  '   itemscope=\"itemscope\" itemprop=\"acceptedAnswer\" itemtype=\"https:\/\/schema.org\/Answer\" ><div class='toggle_content invers-color av-inherit-border-color'  itemprop=\"text\" ><p>Konstruktion was founded on the belief that every decision we make impacts people and communities. It\u2019s why we put humanity at the center of everything we do. It\u2019s why we bring together different voices and points of view so that what we create makes everyone\u2019s life better. It\u2019s why what we build will bring value to society long after our lifetime. And it\u2019s why we never stop thinking about reshaping the future.<\/p>\n<\/div><\/div><\/div><\/section>\n<\/div>\n<section  class='av_textblock_section av-atum1-ec469822cb534a9b7c2b932c055f21b5'  itemscope=\"itemscope\" itemtype=\"https:\/\/schema.org\/CreativeWork\" ><div class='avia_textblock'  itemprop=\"text\" ><p>Nedostaje tekst<\/p>\n<\/div><\/section>\n<\/div><\/div><\/div><!-- close content main div --><\/div><\/div>\n<style type=\"text\/css\" data-created_by=\"avia_inline_auto\" id=\"style-css-av-1r4i1i-8a940eb1b8c1fd76c69b154472e13117\">\n.avia-section.av-1r4i1i-8a940eb1b8c1fd76c69b154472e13117{\nbackground-color:#0a0909;\nbackground-image:url(https:\/\/khaweb.dev\/prodeco\/wp-content\/uploads\/2023\/03\/prodeco-baner-saradnja2.jpg);\nbackground-repeat:no-repeat;\nbackground-position:0% 50%;\nbackground-attachment:scroll;\n}\n<\/style>\n<div id='av_section_4'  class='avia-section av-1r4i1i-8a940eb1b8c1fd76c69b154472e13117 main_color avia-section-large avia-no-border-styling  avia-builder-el-11  el_after_av_section  avia-builder-el-last  avia-full-stretch avia-bg-style-scroll container_wrap fullsize'  data-section-bg-repeat='stretch'><div class='container av-section-cont-open' ><div class='template-page content  av-content-full alpha units'><div class='post-entry post-entry-type-page post-entry-857'><div class='entry-content-wrapper clearfix'>\n\n<style type=\"text\/css\" data-created_by=\"avia_inline_auto\" id=\"style-css-av-1nj33a-aacbdf3d54a9a843a2a0deaead18683e\">\n#top .hr.hr-invisible.av-1nj33a-aacbdf3d54a9a843a2a0deaead18683e{\nheight:15px;\n}\n<\/style>\n<div  class='hr av-1nj33a-aacbdf3d54a9a843a2a0deaead18683e hr-invisible  avia-builder-el-12  el_before_av_two_third  avia-builder-el-first '><span class='hr-inner '><span class=\"hr-inner-style\"><\/span><\/span><\/div>\n<div class='flex_column_table av-59ok6-a3bf0ebfef8a33ab42392e09ea68be6e sc-av_two_third av-equal-height-column-flextable'>\n<style type=\"text\/css\" data-created_by=\"avia_inline_auto\" id=\"style-css-av-59ok6-a3bf0ebfef8a33ab42392e09ea68be6e\">\n.flex_column.av-59ok6-a3bf0ebfef8a33ab42392e09ea68be6e{\nwidth:64%;\nmargin-left:0;\n}\n#top .flex_column_table.av-equal-height-column-flextable.av-59ok6-a3bf0ebfef8a33ab42392e09ea68be6e .av-flex-placeholder{\nwidth:8%;\n}\n<\/style>\n<div class='flex_column av-59ok6-a3bf0ebfef8a33ab42392e09ea68be6e av_two_third  avia-builder-el-13  el_after_av_hr  el_before_av_one_third  first flex_column_table_cell av-equal-height-column av-align-middle '     ><p>\n<style type=\"text\/css\" data-created_by=\"avia_inline_auto\" id=\"style-css-av-1abmku-cfdd005f3301b5aec46fdb43a5298e7c\">\n#top .av-special-heading.av-1abmku-cfdd005f3301b5aec46fdb43a5298e7c{\npadding-bottom:10px;\ncolor:#ffffff;\nfont-size:60px;\n}\nbody .av-special-heading.av-1abmku-cfdd005f3301b5aec46fdb43a5298e7c .av-special-heading-tag .heading-char{\nfont-size:25px;\n}\n#top #wrap_all .av-special-heading.av-1abmku-cfdd005f3301b5aec46fdb43a5298e7c .av-special-heading-tag{\nfont-size:60px;\n}\n.av-special-heading.av-1abmku-cfdd005f3301b5aec46fdb43a5298e7c .special-heading-inner-border{\nborder-color:#ffffff;\n}\n.av-special-heading.av-1abmku-cfdd005f3301b5aec46fdb43a5298e7c .av-subheading{\nfont-size:18px;\n}\n\n@media only screen and (min-width: 480px) and (max-width: 767px){ \n#top #wrap_all .av-special-heading.av-1abmku-cfdd005f3301b5aec46fdb43a5298e7c .av-special-heading-tag{\nfont-size:0.8em;\n}\n}\n\n@media only screen and (max-width: 479px){ \n#top #wrap_all .av-special-heading.av-1abmku-cfdd005f3301b5aec46fdb43a5298e7c .av-special-heading-tag{\nfont-size:0.8em;\n}\n}\n<\/style>\n<div  class='av-special-heading av-1abmku-cfdd005f3301b5aec46fdb43a5298e7c av-special-heading-h2 custom-color-heading blockquote modern-quote  avia-builder-el-14  el_before_av_hr  avia-builder-el-first  av-inherit-size'><h2 class='av-special-heading-tag'  itemprop=\"headline\"  >Da li \u017eelite dasara\u0111ujete sa nama?<\/h2><div class=\"special-heading-border\"><div class=\"special-heading-inner-border\"><\/div><\/div><\/div><br \/>\n\n<style type=\"text\/css\" data-created_by=\"avia_inline_auto\" id=\"style-css-av-13qcwu-d7353c037e53f2a647df5db82cb24bca\">\n#top .hr.hr-invisible.av-13qcwu-d7353c037e53f2a647df5db82cb24bca{\nheight:30px;\n}\n<\/style>\n<div  class='hr av-13qcwu-d7353c037e53f2a647df5db82cb24bca hr-invisible  avia-builder-el-15  el_after_av_heading  el_before_av_buttonrow '><span class='hr-inner '><span class=\"hr-inner-style\"><\/span><\/span><\/div><br \/>\n<div  class='avia-buttonrow-wrap av-jaf49-aa91fbcab846e4c7070d688771903b36 avia-buttonrow-left  avia-builder-el-16  el_after_av_hr  avia-builder-el-last '>\n\n<style type=\"text\/css\" data-created_by=\"avia_inline_auto\" id=\"style-css-av-fvzpl-9bb045edeff8f7fb8cf0873dea3bdb0d\">\n#top #wrap_all .avia-button.av-fvzpl-9bb045edeff8f7fb8cf0873dea3bdb0d{\nbackground-color:#1c1a1a;\nborder-color:#1c1a1a;\ncolor:#ffffff;\nborder-style:none;\n-webkit-border-radius:0px 0px 0px 0px;\n-moz-border-radius:0px 0px 0px 0px;\nborder-radius:0px 0px 0px 0px;\nbox-shadow:none;\n-webkit-transition:all 0.4s ease-in-out;\n-moz-transition:all 0.4s ease-in-out;\n-ms-transition:all 0.4s ease-in-out;\n-o-transition:all 0.4s ease-in-out;\ntransition:all 0.4s ease-in-out;\npadding:30px 40px 30px 40px;\nmargin-bottom:5px;\nmargin-right:5px;\n}\n#top #wrap_all .avia-button.av-fvzpl-9bb045edeff8f7fb8cf0873dea3bdb0d:hover{\nbackground-color:#b5957d;\ncolor:#ffffff;\nopacity:1;\n-webkit-transition:all 0.4s ease-in-out;\n-moz-transition:all 0.4s ease-in-out;\n-ms-transition:all 0.4s ease-in-out;\n-o-transition:all 0.4s ease-in-out;\ntransition:all 0.4s ease-in-out;\n}\n#top #wrap_all .avia-button.av-fvzpl-9bb045edeff8f7fb8cf0873dea3bdb0d:hover .avia_button_background{\n-webkit-border-radius:0px 0px 0px 0px;\n-moz-border-radius:0px 0px 0px 0px;\nborder-radius:0px 0px 0px 0px;\n}\n\n@media only screen and (min-width: 480px) and (max-width: 767px){ \n#top #wrap_all .avia-button.av-fvzpl-9bb045edeff8f7fb8cf0873dea3bdb0d{\npadding:20px 30px 20px 30px;\n}\n}\n\n@media only screen and (max-width: 479px){ \n#top #wrap_all .avia-button.av-fvzpl-9bb045edeff8f7fb8cf0873dea3bdb0d{\npadding:20px 30px 20px 30px;\n}\n}\n<\/style>\n<a href='#'  class='avia-button av-fvzpl-9bb045edeff8f7fb8cf0873dea3bdb0d avia-icon_select-no avia-size-large'  ><span class='avia_iconbox_title' >\u017delite da radimo na va\u0161em projektu<\/span><\/a>\n\n<style type=\"text\/css\" data-created_by=\"avia_inline_auto\" id=\"style-css-av-9s0q9-b82370e2390bd32040614b5236a38fda\">\n#top #wrap_all .avia-button.av-9s0q9-b82370e2390bd32040614b5236a38fda{\nbackground-color:#1c1a1a;\nborder-color:#1c1a1a;\ncolor:#ffffff;\nborder-style:none;\n-webkit-border-radius:0px 0px 0px 0px;\n-moz-border-radius:0px 0px 0px 0px;\nborder-radius:0px 0px 0px 0px;\nbox-shadow:none;\n-webkit-transition:all 0.4s ease-in-out;\n-moz-transition:all 0.4s ease-in-out;\n-ms-transition:all 0.4s ease-in-out;\n-o-transition:all 0.4s ease-in-out;\ntransition:all 0.4s ease-in-out;\npadding:30px 40px 30px 40px;\nmargin-bottom:5px;\nmargin-right:5px;\n}\n#top #wrap_all .avia-button.av-9s0q9-b82370e2390bd32040614b5236a38fda:hover{\nbackground-color:#b5957d;\ncolor:#ffffff;\nopacity:1;\n-webkit-transition:all 0.4s ease-in-out;\n-moz-transition:all 0.4s ease-in-out;\n-ms-transition:all 0.4s ease-in-out;\n-o-transition:all 0.4s ease-in-out;\ntransition:all 0.4s ease-in-out;\n}\n#top #wrap_all .avia-button.av-9s0q9-b82370e2390bd32040614b5236a38fda:hover .avia_button_background{\n-webkit-border-radius:0px 0px 0px 0px;\n-moz-border-radius:0px 0px 0px 0px;\nborder-radius:0px 0px 0px 0px;\n}\n\n@media only screen and (min-width: 480px) and (max-width: 767px){ \n#top #wrap_all .avia-button.av-9s0q9-b82370e2390bd32040614b5236a38fda{\npadding:20px 30px 20px 30px;\n}\n}\n\n@media only screen and (max-width: 479px){ \n#top #wrap_all .avia-button.av-9s0q9-b82370e2390bd32040614b5236a38fda{\npadding:20px 30px 20px 30px;\n}\n}\n<\/style>\n<a href='#'  class='avia-button av-9s0q9-b82370e2390bd32040614b5236a38fda avia-icon_select-no avia-size-large'  ><span class='avia_iconbox_title' >Radite za nas<\/span><\/a>\n<\/div><\/p><\/div><div class='av-flex-placeholder'><\/div>\n<style type=\"text\/css\" data-created_by=\"avia_inline_auto\" id=\"style-css-av-gkvie-5f5c18142a9407d8a7748f705eeb817c\">\n.flex_column.av-gkvie-5f5c18142a9407d8a7748f705eeb817c{\nwidth:28%;\nmargin-left:0;\n}\n#top .flex_column_table.av-equal-height-column-flextable.av-gkvie-5f5c18142a9407d8a7748f705eeb817c .av-flex-placeholder{\nwidth:8%;\n}\n<\/style>\n<div class='flex_column av-gkvie-5f5c18142a9407d8a7748f705eeb817c av_one_third  avia-builder-el-17  el_after_av_two_third  el_before_av_hr  flex_column_table_cell av-equal-height-column av-align-middle '     ><\/div><\/div><!--close column table wrapper. Autoclose: 1 -->\n<style type=\"text\/css\" data-created_by=\"avia_inline_auto\" id=\"style-css-av-8la46-6d96c5f027beaf108343283821e78c6b\">\n#top .hr.hr-invisible.av-8la46-6d96c5f027beaf108343283821e78c6b{\nheight:25px;\n}\n<\/style>\n<div  class='hr av-8la46-6d96c5f027beaf108343283821e78c6b hr-invisible  avia-builder-el-18  el_after_av_one_third  avia-builder-el-last '><span class='hr-inner '><span class=\"hr-inner-style\"><\/span><\/span><\/div>\n<\/p>\n","protected":false},"excerpt":{"rendered":"","protected":false},"author":2,"featured_media":0,"parent":0,"menu_order":0,"comment_status":"closed","ping_status":"closed","template":"","meta":{"inline_featured_image":false,"footnotes":""},"class_list":["post-857","page","type-page","status-publish","hentry"],"_links":{"self":[{"href":"https:\/\/khaweb.dev\/prodeco\/wp-json\/wp\/v2\/pages\/857","targetHints":{"allow":["GET"]}}],"collection":[{"href":"https:\/\/khaweb.dev\/prodeco\/wp-json\/wp\/v2\/pages"}],"about":[{"href":"https:\/\/khaweb.dev\/prodeco\/wp-json\/wp\/v2\/types\/page"}],"author":[{"embeddable":true,"href":"https:\/\/khaweb.dev\/prodeco\/wp-json\/wp\/v2\/users\/2"}],"replies":[{"embeddable":true,"href":"https:\/\/khaweb.dev\/prodeco\/wp-json\/wp\/v2\/comments?post=857"}],"version-history":[{"count":7,"href":"https:\/\/khaweb.dev\/prodeco\/wp-json\/wp\/v2\/pages\/857\/revisions"}],"predecessor-version":[{"id":1100,"href":"https:\/\/khaweb.dev\/prodeco\/wp-json\/wp\/v2\/pages\/857\/revisions\/1100"}],"wp:attachment":[{"href":"https:\/\/khaweb.dev\/prodeco\/wp-json\/wp\/v2\/media?parent=857"}],"curies":[{"name":"wp","href":"https:\/\/api.w.org\/{rel}","templated":true}]}}