{"id":855,"date":"2023-03-22T12:29:17","date_gmt":"2023-03-22T11:29:17","guid":{"rendered":"https:\/\/khaweb.dev\/prodeco\/?page_id=855"},"modified":"2023-07-26T10:37:30","modified_gmt":"2023-07-26T08:37:30","slug":"projektovanje","status":"publish","type":"page","link":"https:\/\/khaweb.dev\/prodeco\/projektovanje\/","title":{"rendered":"Projektovanje"},"content":{"rendered":"<div id='av_section_1'  class='avia-section av-1pmzph-614874e1b4f22fc2f9109776c201a4ac main_color avia-section-default avia-no-border-styling  avia-builder-el-0  el_before_av_section  avia-builder-el-first  avia-bg-style-scroll container_wrap fullsize'  ><div class='container av-section-cont-open' ><main  role=\"main\" itemprop=\"mainContentOfPage\"  class='template-page content  av-content-full alpha units'><div class='post-entry post-entry-type-page post-entry-855'><div class='entry-content-wrapper clearfix'>\n<div class='flex_column_table av-1kmzrp-1540ebf8bcd2ec5ce05da34d919ec665 sc-av_three_fifth av-equal-height-column-flextable'><div class='flex_column av-1kmzrp-1540ebf8bcd2ec5ce05da34d919ec665 av_three_fifth  avia-builder-el-1  el_before_av_two_fifth  avia-builder-el-first  first flex_column_table_cell av-equal-height-column av-align-middle '     ><style type=\"text\/css\" data-created_by=\"avia_inline_auto\" id=\"style-css-av-1gfs3h-291398a654329c91efb90e51eb60bd24\">\n#top .av-special-heading.av-1gfs3h-291398a654329c91efb90e51eb60bd24{\npadding-bottom:10px;\nfont-size:80px;\n}\nbody .av-special-heading.av-1gfs3h-291398a654329c91efb90e51eb60bd24 .av-special-heading-tag .heading-char{\nfont-size:25px;\n}\n#top #wrap_all .av-special-heading.av-1gfs3h-291398a654329c91efb90e51eb60bd24 .av-special-heading-tag{\nfont-size:80px;\n}\n.av-special-heading.av-1gfs3h-291398a654329c91efb90e51eb60bd24 .av-subheading{\nfont-size:18px;\n}\n\n@media only screen and (min-width: 480px) and (max-width: 767px){ \n#top #wrap_all .av-special-heading.av-1gfs3h-291398a654329c91efb90e51eb60bd24 .av-special-heading-tag{\nfont-size:0.8em;\n}\n}\n\n@media only screen and (max-width: 479px){ \n#top #wrap_all .av-special-heading.av-1gfs3h-291398a654329c91efb90e51eb60bd24 .av-special-heading-tag{\nfont-size:0.8em;\n}\n}\n<\/style>\n<div  class='av-special-heading av-1gfs3h-291398a654329c91efb90e51eb60bd24 av-special-heading-h1 blockquote modern-quote  avia-builder-el-2  avia-builder-el-no-sibling  av-inherit-size'><div class='av-subheading av-subheading_above'><p>Na\u0161e usluge<\/p>\n<\/div><h1 class='av-special-heading-tag'  itemprop=\"headline\"  >Projektovanje<\/h1><div class=\"special-heading-border\"><div class=\"special-heading-inner-border\"><\/div><\/div><\/div><\/div><div class='av-flex-placeholder'><\/div><div class='flex_column av-17e4bx-1b8b6fd8599328b6357beb0205f8f03a av_two_fifth  avia-builder-el-3  el_after_av_three_fifth  avia-builder-el-last  flex_column_table_cell av-equal-height-column av-align-middle '     ><\/div><\/div><!--close column table wrapper. Autoclose: 1 -->\n\n<\/div><\/div><\/main><!-- close content main element --><\/div><\/div>\n<style type=\"text\/css\" data-created_by=\"avia_inline_auto\" id=\"style-css-av-lfcsxq3r-29fe8cfc67b88f4bd2dcf3b0900ad910\">\n.avia-section.av-lfcsxq3r-29fe8cfc67b88f4bd2dcf3b0900ad910{\nbackground-repeat:no-repeat;\nbackground-image:url(https:\/\/khaweb.dev\/prodeco\/wp-content\/uploads\/2023\/03\/Prodeco-projektovanje-baner-1.jpg);\nbackground-position:50% 50%;\nbackground-attachment:scroll;\n}\n<\/style>\n<div id='av_section_2'  class='avia-section av-lfcsxq3r-29fe8cfc67b88f4bd2dcf3b0900ad910 main_color avia-section-default avia-no-border-styling  avia-builder-el-4  el_after_av_section  el_before_av_section  header-slika avia-full-stretch avia-bg-style-scroll av-minimum-height av-minimum-height-custom  container_wrap fullsize'  data-section-bg-repeat='stretch' data-av_minimum_height_px='750'><div class='container av-section-cont-open' style='height:750px'><div class='template-page content  av-content-full alpha units'><div class='post-entry post-entry-type-page post-entry-855'><div class='entry-content-wrapper clearfix'>\n<\/div><\/div><\/div><!-- close content main div --><\/div><\/div><div id='av_section_3'  class='avia-section av-q186t-75254381e88e75b9c9a7d4cac89b569f main_color avia-section-default avia-no-border-styling  avia-builder-el-5  el_after_av_section  el_before_av_section  avia-bg-style-scroll container_wrap fullsize'  ><div class='container av-section-cont-open' ><div class='template-page content  av-content-full alpha units'><div class='post-entry post-entry-type-page post-entry-855'><div class='entry-content-wrapper clearfix'>\n<div class='flex_column av-hs0cd-d7c4d843396fcbf3362288ebde468d5d av_two_third  avia-builder-el-6  el_before_av_hr  avia-builder-el-first  first flex_column_div '     ><style type=\"text\/css\" data-created_by=\"avia_inline_auto\" id=\"style-css-av-lffdfj3v-62b53cc34e4a92fb8259a6c04f8406fc\">\n#top .av-special-heading.av-lffdfj3v-62b53cc34e4a92fb8259a6c04f8406fc{\npadding-bottom:10px;\nfont-size:32px;\n}\nbody .av-special-heading.av-lffdfj3v-62b53cc34e4a92fb8259a6c04f8406fc .av-special-heading-tag .heading-char{\nfont-size:25px;\n}\n#top #wrap_all .av-special-heading.av-lffdfj3v-62b53cc34e4a92fb8259a6c04f8406fc .av-special-heading-tag{\nfont-size:32px;\n}\n.av-special-heading.av-lffdfj3v-62b53cc34e4a92fb8259a6c04f8406fc .av-subheading{\nfont-size:18px;\n}\n\n@media only screen and (min-width: 480px) and (max-width: 767px){ \n#top #wrap_all .av-special-heading.av-lffdfj3v-62b53cc34e4a92fb8259a6c04f8406fc .av-special-heading-tag{\nfont-size:0.8em;\n}\n}\n\n@media only screen and (max-width: 479px){ \n#top #wrap_all .av-special-heading.av-lffdfj3v-62b53cc34e4a92fb8259a6c04f8406fc .av-special-heading-tag{\nfont-size:0.8em;\n}\n}\n<\/style>\n<div  class='av-special-heading av-lffdfj3v-62b53cc34e4a92fb8259a6c04f8406fc av-special-heading-h2 blockquote modern-quote  avia-builder-el-7  avia-builder-el-no-sibling  av-inherit-size'><div class='av-subheading av-subheading_above'><p>O nama<\/p>\n<\/div><h2 class='av-special-heading-tag'  itemprop=\"headline\"  >Poku\u0161ali smo da Vam odgovorimo na sva op\u0161ta pitanja sa kojima se susre\u0107u svi oni kojima su potrebne konsultacije iz oblasti primenjene arhitekture<\/h2><div class=\"special-heading-border\"><div class=\"special-heading-inner-border\"><\/div><\/div><\/div><\/div>\n<style type=\"text\/css\" data-created_by=\"avia_inline_auto\" id=\"style-css-av-4ne2hp-52e17abb7fa3d6b268d499f5944bc619\">\n#top .hr.hr-invisible.av-4ne2hp-52e17abb7fa3d6b268d499f5944bc619{\nheight:25px;\n}\n<\/style>\n<div  class='hr av-4ne2hp-52e17abb7fa3d6b268d499f5944bc619 hr-invisible  avia-builder-el-8  el_after_av_two_third  el_before_av_textblock '><span class='hr-inner '><span class=\"hr-inner-style\"><\/span><\/span><\/div>\n<section  class='av_textblock_section av-16e4f-3c3dd12ae0ebb424fe83c8fa9f1a24d4'  itemscope=\"itemscope\" itemtype=\"https:\/\/schema.org\/CreativeWork\" ><div class='avia_textblock'  itemprop=\"text\" ><p>Nedostaje tekst<\/p>\n<\/div><\/section>\n\n<style type=\"text\/css\" data-created_by=\"avia_inline_auto\" id=\"style-css-av-1419ov-0035c67e6b6536d9e0276a291862793f\">\n#top .togglecontainer.av-1419ov-0035c67e6b6536d9e0276a291862793f p.toggler{\ncolor:#0a0a0a;\nbackground-color:#f9f9f9;\nborder-color:rgba(211,185,163,0.23);\n}\n#top .togglecontainer.av-1419ov-0035c67e6b6536d9e0276a291862793f p.toggler.activeTitle{\nbackground-color:#f2efec;\n}\n#top .togglecontainer.av-1419ov-0035c67e6b6536d9e0276a291862793f p.toggler:not(.activeTitle):hover{\ncolor:#0a0a0a;\nbackground-color:#f2efec;\n}\n#top .togglecontainer.av-1419ov-0035c67e6b6536d9e0276a291862793f p.toggler:not(.activeTitle):hover .toggle_icon, #top .togglecontainer.av-1419ov-0035c67e6b6536d9e0276a291862793f p.toggler:not(.activeTitle):hover .toggle_icon *{\nborder-color:#0a0a0a !important;\n}\n#top .togglecontainer.av-1419ov-0035c67e6b6536d9e0276a291862793f p.toggler .toggle_icon{\ncolor:#0a0a0a;\nborder-color:#0a0a0a;\n}\n#top .togglecontainer.av-1419ov-0035c67e6b6536d9e0276a291862793f p.toggler .toggle_icon > span{\ncolor:#0a0a0a;\nborder-color:#0a0a0a;\n}\n#top .togglecontainer.av-1419ov-0035c67e6b6536d9e0276a291862793f p.toggler.activeTitle .toggle_icon, #top .togglecontainer.av-1419ov-0035c67e6b6536d9e0276a291862793f p.toggler.activeTitle .toggle_icon > span{\ncolor:#0a0a0a;\nborder-color:#0a0a0a;\n}\n#top .togglecontainer.av-1419ov-0035c67e6b6536d9e0276a291862793f .toggle_wrap .toggle_content{\ncolor:#0a0a0a;\nbackground-color:#f9f9f9;\nborder-color:rgba(211,185,163,0.23);\n}\n<\/style>\n<div  class='togglecontainer av-1419ov-0035c67e6b6536d9e0276a291862793f av-elegant-toggle  avia-builder-el-10  el_after_av_textblock  avia-builder-el-last  toggle_close_all'  itemscope=\"itemscope\" itemtype=\"https:\/\/schema.org\/FAQPage\" >\n<section class='av_toggle_section av-wh65z-da3cd4fd6384942fe9eb2d4589de71d6'  itemscope=\"itemscope\" itemprop=\"mainEntity\" itemtype=\"https:\/\/schema.org\/Question\" ><div role=\"tablist\" class=\"single_toggle\" data-tags=\"{Sve} \"  ><p data-fake-id='#toggle-id-1' class='toggler  activeTitle av-inherit-border-color'  itemprop=\"name\"  role='tab' tabindex='0' aria-controls='toggle-id-1'><sup>01<\/sup> Projektovanje stambenih objekata (ku\u0107a, vila, vikendica)<span class=\"toggle_icon\"><span class=\"vert_icon\"><\/span><span class=\"hor_icon\"><\/span><\/span><\/p><div id='toggle-id-1' class='toggle_wrap  active_tc' style='display:block;'  itemscope=\"itemscope\" itemprop=\"acceptedAnswer\" itemtype=\"https:\/\/schema.org\/Answer\" ><div class='toggle_content invers-color av-inherit-border-color'  itemprop=\"text\" ><p>Konstruktion was founded on the belief that every decision we make impacts people and communities. It\u2019s why we put humanity at the center of everything we do. It\u2019s why we bring together different voices and points of view so that what we create makes everyone\u2019s life better. It\u2019s why what we build will bring value to society long after our lifetime. And it\u2019s why we never stop thinking about reshaping the future.<\/p>\n<\/div><\/div><\/div><\/section>\n<section class='av_toggle_section av-rqtg7-7b60770587b3d3f7b4650145718b9089'  itemscope=\"itemscope\" itemprop=\"mainEntity\" itemtype=\"https:\/\/schema.org\/Question\" ><div role=\"tablist\" class=\"single_toggle\" data-tags=\"{Sve} \"  ><p data-fake-id='#toggle-id-2' class='toggler   av-inherit-border-color'  itemprop=\"name\"  role='tab' tabindex='0' aria-controls='toggle-id-2'><sup>02<\/sup> Dizajn enterijera<span class=\"toggle_icon\"><span class=\"vert_icon\"><\/span><span class=\"hor_icon\"><\/span><\/span><\/p><div id='toggle-id-2' class='toggle_wrap  '   itemscope=\"itemscope\" itemprop=\"acceptedAnswer\" itemtype=\"https:\/\/schema.org\/Answer\" ><div class='toggle_content invers-color av-inherit-border-color'  itemprop=\"text\" ><p>Konstruktion was founded on the belief that every decision we make impacts people and communities. It\u2019s why we put humanity at the center of everything we do. It\u2019s why we bring together different voices and points of view so that what we create makes everyone\u2019s life better. It\u2019s why what we build will bring value to society long after our lifetime. And it\u2019s why we never stop thinking about reshaping the future.<\/p>\n<\/div><\/div><\/div><\/section>\n<section class='av_toggle_section av-jvxt3-2240197816cc5098a973a0a35b163b32'  itemscope=\"itemscope\" itemprop=\"mainEntity\" itemtype=\"https:\/\/schema.org\/Question\" ><div role=\"tablist\" class=\"single_toggle\" data-tags=\"{Sve} \"  ><p data-fake-id='#toggle-id-3' class='toggler   av-inherit-border-color'  itemprop=\"name\"  role='tab' tabindex='0' aria-controls='toggle-id-3'><sup>03<\/sup> Maksimalno iskori\u0161\u0107enje funkcije prostora<span class=\"toggle_icon\"><span class=\"vert_icon\"><\/span><span class=\"hor_icon\"><\/span><\/span><\/p><div id='toggle-id-3' class='toggle_wrap  '   itemscope=\"itemscope\" itemprop=\"acceptedAnswer\" itemtype=\"https:\/\/schema.org\/Answer\" ><div class='toggle_content invers-color av-inherit-border-color'  itemprop=\"text\" ><p>Konstruktion was founded on the belief that every decision we make impacts people and communities. It\u2019s why we put humanity at the center of everything we do. It\u2019s why we bring together different voices and points of view so that what we create makes everyone\u2019s life better. It\u2019s why what we build will bring value to society long after our lifetime. And it\u2019s why we never stop thinking about reshaping the future.<\/p>\n<\/div><\/div><\/div><\/section>\n<section class='av_toggle_section av-dcg6n-62cab77b2281e21c862386bb25aea27b'  itemscope=\"itemscope\" itemprop=\"mainEntity\" itemtype=\"https:\/\/schema.org\/Question\" ><div role=\"tablist\" class=\"single_toggle\" data-tags=\"{Sve} \"  ><p data-fake-id='#toggle-id-4' class='toggler   av-inherit-border-color'  itemprop=\"name\"  role='tab' tabindex='0' aria-controls='toggle-id-4'><sup>04<\/sup> Izme\u0161tanje zidova, instalacija struje, vode...<span class=\"toggle_icon\"><span class=\"vert_icon\"><\/span><span class=\"hor_icon\"><\/span><\/span><\/p><div id='toggle-id-4' class='toggle_wrap  '   itemscope=\"itemscope\" itemprop=\"acceptedAnswer\" itemtype=\"https:\/\/schema.org\/Answer\" ><div class='toggle_content invers-color av-inherit-border-color'  itemprop=\"text\" ><p>Konstruktion was founded on the belief that every decision we make impacts people and communities. It\u2019s why we put humanity at the center of everything we do. It\u2019s why we bring together different voices and points of view so that what we create makes everyone\u2019s life better. It\u2019s why what we build will bring value to society long after our lifetime. And it\u2019s why we never stop thinking about reshaping the future.<\/p>\n<\/div><\/div><\/div><\/section>\n<\/div>\n<\/div><\/div><\/div><!-- close content main div --><\/div><\/div>\n<style type=\"text\/css\" data-created_by=\"avia_inline_auto\" id=\"style-css-av-1r4i1i-8a940eb1b8c1fd76c69b154472e13117\">\n.avia-section.av-1r4i1i-8a940eb1b8c1fd76c69b154472e13117{\nbackground-color:#0a0909;\nbackground-image:url(https:\/\/khaweb.dev\/prodeco\/wp-content\/uploads\/2023\/03\/prodeco-baner-saradnja2.jpg);\nbackground-repeat:no-repeat;\nbackground-position:0% 50%;\nbackground-attachment:scroll;\n}\n<\/style>\n<div id='av_section_4'  class='avia-section av-1r4i1i-8a940eb1b8c1fd76c69b154472e13117 main_color avia-section-large avia-no-border-styling  avia-builder-el-11  el_after_av_section  avia-builder-el-last  avia-full-stretch avia-bg-style-scroll container_wrap fullsize'  data-section-bg-repeat='stretch'><div class='container av-section-cont-open' ><div class='template-page content  av-content-full alpha units'><div class='post-entry post-entry-type-page post-entry-855'><div class='entry-content-wrapper clearfix'>\n\n<style type=\"text\/css\" data-created_by=\"avia_inline_auto\" id=\"style-css-av-1nj33a-aacbdf3d54a9a843a2a0deaead18683e\">\n#top .hr.hr-invisible.av-1nj33a-aacbdf3d54a9a843a2a0deaead18683e{\nheight:15px;\n}\n<\/style>\n<div  class='hr av-1nj33a-aacbdf3d54a9a843a2a0deaead18683e hr-invisible  avia-builder-el-12  el_before_av_two_third  avia-builder-el-first '><span class='hr-inner '><span class=\"hr-inner-style\"><\/span><\/span><\/div>\n<div class='flex_column_table av-59ok6-a3bf0ebfef8a33ab42392e09ea68be6e sc-av_two_third av-equal-height-column-flextable'>\n<style type=\"text\/css\" data-created_by=\"avia_inline_auto\" id=\"style-css-av-59ok6-a3bf0ebfef8a33ab42392e09ea68be6e\">\n.flex_column.av-59ok6-a3bf0ebfef8a33ab42392e09ea68be6e{\nwidth:64%;\nmargin-left:0;\n}\n#top .flex_column_table.av-equal-height-column-flextable.av-59ok6-a3bf0ebfef8a33ab42392e09ea68be6e .av-flex-placeholder{\nwidth:8%;\n}\n<\/style>\n<div class='flex_column av-59ok6-a3bf0ebfef8a33ab42392e09ea68be6e av_two_third  avia-builder-el-13  el_after_av_hr  el_before_av_one_third  first flex_column_table_cell av-equal-height-column av-align-middle '     ><p>\n<style type=\"text\/css\" data-created_by=\"avia_inline_auto\" id=\"style-css-av-1abmku-cfdd005f3301b5aec46fdb43a5298e7c\">\n#top .av-special-heading.av-1abmku-cfdd005f3301b5aec46fdb43a5298e7c{\npadding-bottom:10px;\ncolor:#ffffff;\nfont-size:60px;\n}\nbody .av-special-heading.av-1abmku-cfdd005f3301b5aec46fdb43a5298e7c .av-special-heading-tag .heading-char{\nfont-size:25px;\n}\n#top #wrap_all .av-special-heading.av-1abmku-cfdd005f3301b5aec46fdb43a5298e7c .av-special-heading-tag{\nfont-size:60px;\n}\n.av-special-heading.av-1abmku-cfdd005f3301b5aec46fdb43a5298e7c .special-heading-inner-border{\nborder-color:#ffffff;\n}\n.av-special-heading.av-1abmku-cfdd005f3301b5aec46fdb43a5298e7c .av-subheading{\nfont-size:18px;\n}\n\n@media only screen and (min-width: 480px) and (max-width: 767px){ \n#top #wrap_all .av-special-heading.av-1abmku-cfdd005f3301b5aec46fdb43a5298e7c .av-special-heading-tag{\nfont-size:0.8em;\n}\n}\n\n@media only screen and (max-width: 479px){ \n#top #wrap_all .av-special-heading.av-1abmku-cfdd005f3301b5aec46fdb43a5298e7c .av-special-heading-tag{\nfont-size:0.8em;\n}\n}\n<\/style>\n<div  class='av-special-heading av-1abmku-cfdd005f3301b5aec46fdb43a5298e7c av-special-heading-h2 custom-color-heading blockquote modern-quote  avia-builder-el-14  el_before_av_hr  avia-builder-el-first  av-inherit-size'><h2 class='av-special-heading-tag'  itemprop=\"headline\"  >Da li \u017eelite dasara\u0111ujete sa nama?<\/h2><div class=\"special-heading-border\"><div class=\"special-heading-inner-border\"><\/div><\/div><\/div><br \/>\n\n<style type=\"text\/css\" data-created_by=\"avia_inline_auto\" id=\"style-css-av-13qcwu-d7353c037e53f2a647df5db82cb24bca\">\n#top .hr.hr-invisible.av-13qcwu-d7353c037e53f2a647df5db82cb24bca{\nheight:30px;\n}\n<\/style>\n<div  class='hr av-13qcwu-d7353c037e53f2a647df5db82cb24bca hr-invisible  avia-builder-el-15  el_after_av_heading  el_before_av_buttonrow '><span class='hr-inner '><span class=\"hr-inner-style\"><\/span><\/span><\/div><br \/>\n<div  class='avia-buttonrow-wrap av-l95ev-1949c4b4c3dbe3932f2b64000e265a4f avia-buttonrow-left  avia-builder-el-16  el_after_av_hr  avia-builder-el-last '>\n\n<style type=\"text\/css\" data-created_by=\"avia_inline_auto\" id=\"style-css-av-grka7-5593aa3cd6502207a60308acb9723aae\">\n#top #wrap_all .avia-button.av-grka7-5593aa3cd6502207a60308acb9723aae{\nbackground-color:#1c1a1a;\nborder-color:#1c1a1a;\ncolor:#ffffff;\nborder-style:none;\n-webkit-border-radius:0px 0px 0px 0px;\n-moz-border-radius:0px 0px 0px 0px;\nborder-radius:0px 0px 0px 0px;\nbox-shadow:none;\n-webkit-transition:all 0.4s ease-in-out;\n-moz-transition:all 0.4s ease-in-out;\n-ms-transition:all 0.4s ease-in-out;\n-o-transition:all 0.4s ease-in-out;\ntransition:all 0.4s ease-in-out;\npadding:30px 40px 30px 40px;\nmargin-bottom:5px;\nmargin-right:5px;\n}\n#top #wrap_all .avia-button.av-grka7-5593aa3cd6502207a60308acb9723aae:hover{\nbackground-color:#b5957d;\ncolor:#ffffff;\nopacity:1;\n-webkit-transition:all 0.4s ease-in-out;\n-moz-transition:all 0.4s ease-in-out;\n-ms-transition:all 0.4s ease-in-out;\n-o-transition:all 0.4s ease-in-out;\ntransition:all 0.4s ease-in-out;\n}\n#top #wrap_all .avia-button.av-grka7-5593aa3cd6502207a60308acb9723aae:hover .avia_button_background{\n-webkit-border-radius:0px 0px 0px 0px;\n-moz-border-radius:0px 0px 0px 0px;\nborder-radius:0px 0px 0px 0px;\n}\n\n@media only screen and (min-width: 480px) and (max-width: 767px){ \n#top #wrap_all .avia-button.av-grka7-5593aa3cd6502207a60308acb9723aae{\npadding:20px 30px 20px 30px;\n}\n}\n\n@media only screen and (max-width: 479px){ \n#top #wrap_all .avia-button.av-grka7-5593aa3cd6502207a60308acb9723aae{\npadding:20px 30px 20px 30px;\n}\n}\n<\/style>\n<a href='#'  class='avia-button av-grka7-5593aa3cd6502207a60308acb9723aae avia-icon_select-no avia-size-large'  ><span class='avia_iconbox_title' >\u017delite da radimo na va\u0161em projektu<\/span><\/a>\n\n<style type=\"text\/css\" data-created_by=\"avia_inline_auto\" id=\"style-css-av-a44on-cbff35431f6e20c78c50f47f29a4e0b2\">\n#top #wrap_all .avia-button.av-a44on-cbff35431f6e20c78c50f47f29a4e0b2{\nbackground-color:#1c1a1a;\nborder-color:#1c1a1a;\ncolor:#ffffff;\nborder-style:none;\n-webkit-border-radius:0px 0px 0px 0px;\n-moz-border-radius:0px 0px 0px 0px;\nborder-radius:0px 0px 0px 0px;\nbox-shadow:none;\n-webkit-transition:all 0.4s ease-in-out;\n-moz-transition:all 0.4s ease-in-out;\n-ms-transition:all 0.4s ease-in-out;\n-o-transition:all 0.4s ease-in-out;\ntransition:all 0.4s ease-in-out;\npadding:30px 40px 30px 40px;\nmargin-bottom:5px;\nmargin-right:5px;\n}\n#top #wrap_all .avia-button.av-a44on-cbff35431f6e20c78c50f47f29a4e0b2:hover{\nbackground-color:#b5957d;\ncolor:#ffffff;\nopacity:1;\n-webkit-transition:all 0.4s ease-in-out;\n-moz-transition:all 0.4s ease-in-out;\n-ms-transition:all 0.4s ease-in-out;\n-o-transition:all 0.4s ease-in-out;\ntransition:all 0.4s ease-in-out;\n}\n#top #wrap_all .avia-button.av-a44on-cbff35431f6e20c78c50f47f29a4e0b2:hover .avia_button_background{\n-webkit-border-radius:0px 0px 0px 0px;\n-moz-border-radius:0px 0px 0px 0px;\nborder-radius:0px 0px 0px 0px;\n}\n\n@media only screen and (min-width: 480px) and (max-width: 767px){ \n#top #wrap_all .avia-button.av-a44on-cbff35431f6e20c78c50f47f29a4e0b2{\npadding:20px 30px 20px 30px;\n}\n}\n\n@media only screen and (max-width: 479px){ \n#top #wrap_all .avia-button.av-a44on-cbff35431f6e20c78c50f47f29a4e0b2{\npadding:20px 30px 20px 30px;\n}\n}\n<\/style>\n<a href='#'  class='avia-button av-a44on-cbff35431f6e20c78c50f47f29a4e0b2 avia-icon_select-no avia-size-large'  ><span class='avia_iconbox_title' >Radite za nas<\/span><\/a>\n<\/div><\/p><\/div><div class='av-flex-placeholder'><\/div>\n<style type=\"text\/css\" data-created_by=\"avia_inline_auto\" id=\"style-css-av-gkvie-5f5c18142a9407d8a7748f705eeb817c\">\n.flex_column.av-gkvie-5f5c18142a9407d8a7748f705eeb817c{\nwidth:28%;\nmargin-left:0;\n}\n#top .flex_column_table.av-equal-height-column-flextable.av-gkvie-5f5c18142a9407d8a7748f705eeb817c .av-flex-placeholder{\nwidth:8%;\n}\n<\/style>\n<div class='flex_column av-gkvie-5f5c18142a9407d8a7748f705eeb817c av_one_third  avia-builder-el-17  el_after_av_two_third  el_before_av_hr  flex_column_table_cell av-equal-height-column av-align-middle '     ><\/div><\/div><!--close column table wrapper. Autoclose: 1 -->\n<style type=\"text\/css\" data-created_by=\"avia_inline_auto\" id=\"style-css-av-8la46-6d96c5f027beaf108343283821e78c6b\">\n#top .hr.hr-invisible.av-8la46-6d96c5f027beaf108343283821e78c6b{\nheight:25px;\n}\n<\/style>\n<div  class='hr av-8la46-6d96c5f027beaf108343283821e78c6b hr-invisible  avia-builder-el-18  el_after_av_one_third  avia-builder-el-last '><span class='hr-inner '><span class=\"hr-inner-style\"><\/span><\/span><\/div>\n<\/p>\n","protected":false},"excerpt":{"rendered":"","protected":false},"author":2,"featured_media":0,"parent":0,"menu_order":0,"comment_status":"closed","ping_status":"closed","template":"","meta":{"inline_featured_image":false,"footnotes":""},"class_list":["post-855","page","type-page","status-publish","hentry"],"_links":{"self":[{"href":"https:\/\/khaweb.dev\/prodeco\/wp-json\/wp\/v2\/pages\/855","targetHints":{"allow":["GET"]}}],"collection":[{"href":"https:\/\/khaweb.dev\/prodeco\/wp-json\/wp\/v2\/pages"}],"about":[{"href":"https:\/\/khaweb.dev\/prodeco\/wp-json\/wp\/v2\/types\/page"}],"author":[{"embeddable":true,"href":"https:\/\/khaweb.dev\/prodeco\/wp-json\/wp\/v2\/users\/2"}],"replies":[{"embeddable":true,"href":"https:\/\/khaweb.dev\/prodeco\/wp-json\/wp\/v2\/comments?post=855"}],"version-history":[{"count":6,"href":"https:\/\/khaweb.dev\/prodeco\/wp-json\/wp\/v2\/pages\/855\/revisions"}],"predecessor-version":[{"id":1109,"href":"https:\/\/khaweb.dev\/prodeco\/wp-json\/wp\/v2\/pages\/855\/revisions\/1109"}],"wp:attachment":[{"href":"https:\/\/khaweb.dev\/prodeco\/wp-json\/wp\/v2\/media?parent=855"}],"curies":[{"name":"wp","href":"https:\/\/api.w.org\/{rel}","templated":true}]}}