{"id":294,"date":"2023-03-16T16:20:05","date_gmt":"2023-03-16T15:20:05","guid":{"rendered":"https:\/\/khaweb.dev\/prodeco\/?page_id=294"},"modified":"2023-03-22T21:16:24","modified_gmt":"2023-03-22T20:16:24","slug":"clanci","status":"publish","type":"page","link":"https:\/\/khaweb.dev\/prodeco\/clanci\/","title":{"rendered":"\u010clanci"},"content":{"rendered":"<div id='av_section_1'  class='avia-section av-1pru3i-5a7c6d191a08650836bd87942f35c2a6 main_color avia-section-default avia-no-border-styling  avia-builder-el-0  el_before_av_section  avia-builder-el-first  avia-bg-style-scroll container_wrap fullsize'  ><div class='container av-section-cont-open' ><main  role=\"main\" itemprop=\"mainContentOfPage\"  class='template-page content  av-content-full alpha units'><div class='post-entry post-entry-type-page post-entry-294'><div class='entry-content-wrapper clearfix'>\n<div class='flex_column_table av-1nab3q-2efdf65c0bab59b83ee1c0cfb3d193c8 sc-av_one_full av-equal-height-column-flextable'><div class='flex_column av-1nab3q-2efdf65c0bab59b83ee1c0cfb3d193c8 av_one_full  avia-builder-el-1  avia-builder-el-no-sibling  first flex_column_table_cell av-equal-height-column av-align-middle '     ><style type=\"text\/css\" data-created_by=\"avia_inline_auto\" id=\"style-css-av-1eklw6-ab6eff4681218f89b29a56562c77ed75\">\n#top .av-special-heading.av-1eklw6-ab6eff4681218f89b29a56562c77ed75{\npadding-bottom:10px;\nfont-size:80px;\n}\nbody .av-special-heading.av-1eklw6-ab6eff4681218f89b29a56562c77ed75 .av-special-heading-tag .heading-char{\nfont-size:25px;\n}\n#top #wrap_all .av-special-heading.av-1eklw6-ab6eff4681218f89b29a56562c77ed75 .av-special-heading-tag{\nfont-size:80px;\n}\n.av-special-heading.av-1eklw6-ab6eff4681218f89b29a56562c77ed75 .av-subheading{\nfont-size:18px;\n}\n\n@media only screen and (min-width: 480px) and (max-width: 767px){ \n#top #wrap_all .av-special-heading.av-1eklw6-ab6eff4681218f89b29a56562c77ed75 .av-special-heading-tag{\nfont-size:0.8em;\n}\n}\n\n@media only screen and (max-width: 479px){ \n#top #wrap_all .av-special-heading.av-1eklw6-ab6eff4681218f89b29a56562c77ed75 .av-special-heading-tag{\nfont-size:0.8em;\n}\n}\n<\/style>\n<div  class='av-special-heading av-1eklw6-ab6eff4681218f89b29a56562c77ed75 av-special-heading-h1 blockquote modern-quote  avia-builder-el-2  avia-builder-el-no-sibling  av-inherit-size'><div class='av-subheading av-subheading_above'><p>Vesti<\/p>\n<\/div><h1 class='av-special-heading-tag'  itemprop=\"headline\"  >\u010clanci<\/h1><div class=\"special-heading-border\"><div class=\"special-heading-inner-border\"><\/div><\/div><\/div><\/div><\/div><!--close column table wrapper. Autoclose: 1 -->\n\n<\/div><\/div><\/main><!-- close content main element --><\/div><\/div><div id='novosti-featured-sekcija'  class='avia-section av-17glue-ab66acad55502ed711c27cb28a913e94 main_color avia-section-default avia-no-border-styling  avia-builder-el-3  el_after_av_section  el_before_av_section  avia-bg-style-scroll container_wrap fullsize'  ><div class='container av-section-cont-open' ><div class='template-page content  av-content-full alpha units'><div class='post-entry post-entry-type-page post-entry-294'><div class='entry-content-wrapper clearfix'>\n<div class='flex_column_table av-lfczt4iz-bd4a29d8a7a0cc4600fb1ce66fcfb9e9 sc-av_one_half av-equal-height-column-flextable'>\n<style type=\"text\/css\" data-created_by=\"avia_inline_auto\" id=\"style-css-av-lfczt4iz-bd4a29d8a7a0cc4600fb1ce66fcfb9e9\">\n.flex_column.av-lfczt4iz-bd4a29d8a7a0cc4600fb1ce66fcfb9e9{\npadding:60px 60px 60px 60px;\n}\n\n@media only screen and (min-width: 480px) and (max-width: 767px){ \n.flex_column.av-lfczt4iz-bd4a29d8a7a0cc4600fb1ce66fcfb9e9{\npadding:30px 30px 30px 30px;\n}\n}\n\n@media only screen and (max-width: 479px){ \n.flex_column.av-lfczt4iz-bd4a29d8a7a0cc4600fb1ce66fcfb9e9{\npadding:30px 30px 30px 30px;\n}\n}\n<\/style>\n<div class='flex_column av-lfczt4iz-bd4a29d8a7a0cc4600fb1ce66fcfb9e9 av_one_half  avia-builder-el-4  el_before_av_one_half  avia-builder-el-first  first flex_column_table_cell av-equal-height-column av-align-middle '     ><p>\n<style type=\"text\/css\" data-created_by=\"avia_inline_auto\" id=\"style-css-av-lfczsbjk-e53805b16edd691bb8ef00a064187b1a\">\n#top .av-special-heading.av-lfczsbjk-e53805b16edd691bb8ef00a064187b1a{\npadding-bottom:10px;\nfont-size:32px;\n}\nbody .av-special-heading.av-lfczsbjk-e53805b16edd691bb8ef00a064187b1a .av-special-heading-tag .heading-char{\nfont-size:25px;\n}\n#top #wrap_all .av-special-heading.av-lfczsbjk-e53805b16edd691bb8ef00a064187b1a .av-special-heading-tag{\nfont-size:32px;\n}\n.av-special-heading.av-lfczsbjk-e53805b16edd691bb8ef00a064187b1a .av-subheading{\nfont-size:15px;\n}\n\n@media only screen and (min-width: 480px) and (max-width: 767px){ \n#top #wrap_all .av-special-heading.av-lfczsbjk-e53805b16edd691bb8ef00a064187b1a .av-special-heading-tag{\nfont-size:0.8em;\n}\n}\n\n@media only screen and (max-width: 479px){ \n#top #wrap_all .av-special-heading.av-lfczsbjk-e53805b16edd691bb8ef00a064187b1a .av-special-heading-tag{\nfont-size:0.8em;\n}\n}\n<\/style>\n<div  class='av-special-heading av-lfczsbjk-e53805b16edd691bb8ef00a064187b1a av-special-heading-h2 blockquote modern-quote  avia-builder-el-5  el_before_av_textblock  avia-builder-el-first  av-inherit-size av-linked-heading'><h2 class='av-special-heading-tag'  itemprop=\"headline\"  ><a class=\"av-heading-link\" href=\"#\">Na\u0161i enterijeri stvaraju ose\u0107aj komfora, a kvalitet izrade garantuje dugotrajno kori\u0161\u0107enje<\/a><\/h2><div class=\"special-heading-border\"><div class=\"special-heading-inner-border\"><\/div><\/div><\/div><br \/>\n<section  class='av_textblock_section av-lfczsy3d-7ec63fea8342d3067ea9b422a8bd8521'  itemscope=\"itemscope\" itemtype=\"https:\/\/schema.org\/CreativeWork\" ><div class='avia_textblock'  itemprop=\"text\" ><p>In design, sustainability, and programming, the Boston University Center for Computing &amp; Data Sciences marks the future of construction in higher education. The 19-story, 350,000-square-foot<\/p>\n<\/div><\/section><\/p><\/div><div class='av-flex-placeholder'><\/div><div class='flex_column av-jjdzi-4a4d8b8e1924aa2228e35ebea90d0d84 av_one_half  avia-builder-el-7  el_after_av_one_half  avia-builder-el-last  flex_column_table_cell av-equal-height-column av-align-middle '     ><style type=\"text\/css\" data-created_by=\"avia_inline_auto\" id=\"style-css-av-lfcztosz-4dffda0c8105ffb8a14c2013a0e25ccc\">\n.avia-image-container.av-lfcztosz-4dffda0c8105ffb8a14c2013a0e25ccc img.avia_image{\nbox-shadow:none;\n}\n.avia-image-container.av-lfcztosz-4dffda0c8105ffb8a14c2013a0e25ccc .av-image-caption-overlay-center{\ncolor:#ffffff;\n}\n<\/style>\n<div  class='avia-image-container av-lfcztosz-4dffda0c8105ffb8a14c2013a0e25ccc av-styling-no-styling av-hover-grow av-hide-overflow avia-align-center  avia-builder-el-8  avia-builder-el-no-sibling '   itemprop=\"image\" itemscope=\"itemscope\" itemtype=\"https:\/\/schema.org\/ImageObject\" ><div class=\"avia-image-container-inner\"><div class=\"avia-image-overlay-wrap\"><img decoding=\"async\" class='wp-image-615 avia-img-lazy-loading-not-615 avia_image ' src=\"https:\/\/khaweb.dev\/prodeco\/wp-content\/uploads\/2023\/03\/Namestaj-blog.jpg\" alt='' title=''  height=\"700\" width=\"635\"  itemprop=\"thumbnailUrl\" srcset=\"https:\/\/khaweb.dev\/prodeco\/wp-content\/uploads\/2023\/03\/Namestaj-blog.jpg 635w, https:\/\/khaweb.dev\/prodeco\/wp-content\/uploads\/2023\/03\/Namestaj-blog-272x300.jpg 272w, https:\/\/khaweb.dev\/prodeco\/wp-content\/uploads\/2023\/03\/Namestaj-blog-91x100.jpg 91w\" sizes=\"(max-width: 635px) 100vw, 635px\" \/><\/div><\/div><\/div><\/div><\/div><!--close column table wrapper. Autoclose: 1 --><\/div><\/div><\/div><!-- close content main div --><\/div><\/div><div id='blog-clanci'  class='avia-section av-gzmqu-c7b0369fa9d86bd88c5f9b987d9e4314 main_color avia-section-default avia-no-border-styling  avia-builder-el-9  el_after_av_section  avia-builder-el-last  avia-bg-style-scroll container_wrap fullsize'  ><div class='container av-section-cont-open' ><div class='template-page content  av-content-full alpha units'><div class='post-entry post-entry-type-page post-entry-294'><div class='entry-content-wrapper clearfix'>\n<div class='flex_column av-8h392-0497b8423ee3f0af5eb68f2903ca32b2 av_one_full  avia-builder-el-10  avia-builder-el-no-sibling  first flex_column_div '     ><div  data-slideshow-options=\"{&quot;animation&quot;:&quot;fade&quot;,&quot;autoplay&quot;:false,&quot;loop_autoplay&quot;:&quot;once&quot;,&quot;interval&quot;:5,&quot;loop_manual&quot;:&quot;manual-endless&quot;,&quot;autoplay_stopper&quot;:false,&quot;noNavigation&quot;:false,&quot;show_slide_delay&quot;:90}\" class='avia-content-slider avia-content-grid-active avia-content-slider1 avia-content-slider-odd  avia-builder-el-11  avia-builder-el-no-sibling  av-slideshow-ui av-control-default   av-no-slider-navigation av-slideshow-manual av-loop-once av-loop-manual-endless '  itemscope=\"itemscope\" itemtype=\"https:\/\/schema.org\/Blog\" ><div class=\"avia-content-slider-inner\"><div class=\"slide-entry-wrap\"><article class='slide-entry flex_column  post-entry post-entry-768 slide-entry-overview slide-loop-1 slide-parity-odd  av_one_third first real-thumbnail post-format-image'  itemscope=\"itemscope\" itemtype=\"https:\/\/schema.org\/CreativeWork\" ><a href='https:\/\/khaweb.dev\/prodeco\/dekoracija\/' data-rel='slide-1' class='slide-image' title='Dekoracija'><img decoding=\"async\" width=\"355\" height=\"424\" src=\"https:\/\/khaweb.dev\/prodeco\/wp-content\/uploads\/2023\/03\/Prodeco-Dekoracija-355x424.jpg\" class=\"wp-image-772 avia-img-lazy-loading-not-772 attachment-news-thumbnail size-news-thumbnail wp-post-image\" alt=\"\" \/><\/a><div class=\"slide-content\"><header class=\"entry-content-header\"><h3 class='slide-entry-title entry-title '  itemprop=\"headline\" ><a href='https:\/\/khaweb.dev\/prodeco\/dekoracija\/' title='Dekoracija'>Dekoracija<\/a><\/h3><span class=\"blog-categories minor-meta\"><a href=\"https:\/\/khaweb.dev\/prodeco\/kategorija\/nekategorizovano\/\" rel=\"tag\">\u041d\u0435\u043a\u0430\u0442\u0435\u0433\u043e\u0440\u0438\u0437\u043e\u0432\u0430\u043d\u043e<\/a> <\/span><span class=\"av-vertical-delimiter\"><\/span><\/header><\/div><footer class=\"entry-footer\"><\/footer><span class='hidden'>\n\t\t\t\t<span class='av-structured-data'  itemprop=\"image\" itemscope=\"itemscope\" itemtype=\"https:\/\/schema.org\/ImageObject\" >\n\t\t\t\t\t\t<span itemprop='url'>https:\/\/khaweb.dev\/prodeco\/wp-content\/uploads\/2023\/03\/Prodeco-Dekoracija.jpg<\/span>\n\t\t\t\t\t\t<span itemprop='height'>1102<\/span>\n\t\t\t\t\t\t<span itemprop='width'>1000<\/span>\n\t\t\t\t<\/span>\n\t\t\t\t<span class='av-structured-data'  itemprop=\"publisher\" itemtype=\"https:\/\/schema.org\/Organization\" itemscope=\"itemscope\" >\n\t\t\t\t\t\t<span itemprop='name'>khaus<\/span>\n\t\t\t\t\t\t<span itemprop='logo' itemscope itemtype='https:\/\/schema.org\/ImageObject'>\n\t\t\t\t\t\t\t<span itemprop='url'>https:\/\/khaweb.dev\/prodeco\/wp-content\/uploads\/2023\/05\/prodeco-logo.jpg<\/span>\n\t\t\t\t\t\t<\/span>\n\t\t\t\t<\/span><span class='av-structured-data'  itemprop=\"author\" itemscope=\"itemscope\" itemtype=\"https:\/\/schema.org\/Person\" ><span itemprop='name'>khaus<\/span><\/span><span class='av-structured-data'  itemprop=\"datePublished\" datetime=\"2023-03-16T16:20:05+01:00\" >2023-03-21 11:38:07<\/span><span class='av-structured-data'  itemprop=\"dateModified\" itemtype=\"https:\/\/schema.org\/dateModified\" >2023-03-21 11:39:53<\/span><span class='av-structured-data'  itemprop=\"mainEntityOfPage\" itemtype=\"https:\/\/schema.org\/mainEntityOfPage\" ><span itemprop='name'>Dekoracija<\/span><\/span><\/span><\/article><article class='slide-entry flex_column  post-entry post-entry-764 slide-entry-overview slide-loop-2 slide-parity-even  av_one_third  real-thumbnail post-format-image'  itemscope=\"itemscope\" itemtype=\"https:\/\/schema.org\/CreativeWork\" ><a href='https:\/\/khaweb.dev\/prodeco\/harmonija-boja\/' data-rel='slide-1' class='slide-image' title='Harmonija boja'><img decoding=\"async\" width=\"355\" height=\"424\" src=\"https:\/\/khaweb.dev\/prodeco\/wp-content\/uploads\/2023\/03\/harmonija-boja-355x424.jpg\" class=\"wp-image-765 avia-img-lazy-loading-not-765 attachment-news-thumbnail size-news-thumbnail wp-post-image\" alt=\"\" \/><\/a><div class=\"slide-content\"><header class=\"entry-content-header\"><h3 class='slide-entry-title entry-title '  itemprop=\"headline\" ><a href='https:\/\/khaweb.dev\/prodeco\/harmonija-boja\/' title='Harmonija boja'>Harmonija boja<\/a><\/h3><span class=\"blog-categories minor-meta\"><a href=\"https:\/\/khaweb.dev\/prodeco\/kategorija\/nekategorizovano\/\" rel=\"tag\">\u041d\u0435\u043a\u0430\u0442\u0435\u0433\u043e\u0440\u0438\u0437\u043e\u0432\u0430\u043d\u043e<\/a> <\/span><span class=\"av-vertical-delimiter\"><\/span><\/header><\/div><footer class=\"entry-footer\"><\/footer><span class='hidden'>\n\t\t\t\t<span class='av-structured-data'  itemprop=\"image\" itemscope=\"itemscope\" itemtype=\"https:\/\/schema.org\/ImageObject\" >\n\t\t\t\t\t\t<span itemprop='url'>https:\/\/khaweb.dev\/prodeco\/wp-content\/uploads\/2023\/03\/harmonija-boja.jpg<\/span>\n\t\t\t\t\t\t<span itemprop='height'>869<\/span>\n\t\t\t\t\t\t<span itemprop='width'>1376<\/span>\n\t\t\t\t<\/span>\n\t\t\t\t<span class='av-structured-data'  itemprop=\"publisher\" itemtype=\"https:\/\/schema.org\/Organization\" itemscope=\"itemscope\" >\n\t\t\t\t\t\t<span itemprop='name'>khaus<\/span>\n\t\t\t\t\t\t<span itemprop='logo' itemscope itemtype='https:\/\/schema.org\/ImageObject'>\n\t\t\t\t\t\t\t<span itemprop='url'>https:\/\/khaweb.dev\/prodeco\/wp-content\/uploads\/2023\/05\/prodeco-logo.jpg<\/span>\n\t\t\t\t\t\t<\/span>\n\t\t\t\t<\/span><span class='av-structured-data'  itemprop=\"author\" itemscope=\"itemscope\" itemtype=\"https:\/\/schema.org\/Person\" ><span itemprop='name'>khaus<\/span><\/span><span class='av-structured-data'  itemprop=\"datePublished\" datetime=\"2023-03-16T16:20:05+01:00\" >2023-03-21 11:36:43<\/span><span class='av-structured-data'  itemprop=\"dateModified\" itemtype=\"https:\/\/schema.org\/dateModified\" >2023-03-21 11:36:43<\/span><span class='av-structured-data'  itemprop=\"mainEntityOfPage\" itemtype=\"https:\/\/schema.org\/mainEntityOfPage\" ><span itemprop='name'>Harmonija boja<\/span><\/span><\/span><\/article><article class='slide-entry flex_column  post-entry post-entry-338 slide-entry-overview slide-loop-3 slide-parity-odd  av_one_third  real-thumbnail post-format-image'  itemscope=\"itemscope\" itemtype=\"https:\/\/schema.org\/CreativeWork\" ><a href='https:\/\/khaweb.dev\/prodeco\/fasadni-sistemi\/' data-rel='slide-1' class='slide-image' title='Fasadni sistemi'><img decoding=\"async\" width=\"355\" height=\"424\" src=\"https:\/\/khaweb.dev\/prodeco\/wp-content\/uploads\/2023\/03\/Fasada-355x424.jpg\" class=\"wp-image-602 avia-img-lazy-loading-not-602 attachment-news-thumbnail size-news-thumbnail wp-post-image\" alt=\"\" \/><\/a><div class=\"slide-content\"><header class=\"entry-content-header\"><h3 class='slide-entry-title entry-title '  itemprop=\"headline\" ><a href='https:\/\/khaweb.dev\/prodeco\/fasadni-sistemi\/' title='Fasadni sistemi'>Fasadni sistemi<\/a><\/h3><span class=\"blog-categories minor-meta\"><a href=\"https:\/\/khaweb.dev\/prodeco\/kategorija\/nekategorizovano\/\" rel=\"tag\">\u041d\u0435\u043a\u0430\u0442\u0435\u0433\u043e\u0440\u0438\u0437\u043e\u0432\u0430\u043d\u043e<\/a> <\/span><span class=\"av-vertical-delimiter\"><\/span><\/header><\/div><footer class=\"entry-footer\"><\/footer><span class='hidden'>\n\t\t\t\t<span class='av-structured-data'  itemprop=\"image\" itemscope=\"itemscope\" itemtype=\"https:\/\/schema.org\/ImageObject\" >\n\t\t\t\t\t\t<span itemprop='url'>https:\/\/khaweb.dev\/prodeco\/wp-content\/uploads\/2023\/03\/Fasada.jpg<\/span>\n\t\t\t\t\t\t<span itemprop='height'>869<\/span>\n\t\t\t\t\t\t<span itemprop='width'>1376<\/span>\n\t\t\t\t<\/span>\n\t\t\t\t<span class='av-structured-data'  itemprop=\"publisher\" itemtype=\"https:\/\/schema.org\/Organization\" itemscope=\"itemscope\" >\n\t\t\t\t\t\t<span itemprop='name'>evil<\/span>\n\t\t\t\t\t\t<span itemprop='logo' itemscope itemtype='https:\/\/schema.org\/ImageObject'>\n\t\t\t\t\t\t\t<span itemprop='url'>https:\/\/khaweb.dev\/prodeco\/wp-content\/uploads\/2023\/05\/prodeco-logo.jpg<\/span>\n\t\t\t\t\t\t<\/span>\n\t\t\t\t<\/span><span class='av-structured-data'  itemprop=\"author\" itemscope=\"itemscope\" itemtype=\"https:\/\/schema.org\/Person\" ><span itemprop='name'>evil<\/span><\/span><span class='av-structured-data'  itemprop=\"datePublished\" datetime=\"2023-03-16T16:20:05+01:00\" >2023-03-16 19:41:10<\/span><span class='av-structured-data'  itemprop=\"dateModified\" itemtype=\"https:\/\/schema.org\/dateModified\" >2023-03-21 10:05:54<\/span><span class='av-structured-data'  itemprop=\"mainEntityOfPage\" itemtype=\"https:\/\/schema.org\/mainEntityOfPage\" ><span itemprop='name'>Fasadni sistemi<\/span><\/span><\/span><\/article><\/div><div class=\"slide-entry-wrap\"><article class='slide-entry flex_column  post-entry post-entry-335 slide-entry-overview slide-loop-4 slide-parity-odd  av_one_third first real-thumbnail post-format-image'  itemscope=\"itemscope\" itemtype=\"https:\/\/schema.org\/CreativeWork\" ><a href='https:\/\/khaweb.dev\/prodeco\/osvetljenost-prostora\/' data-rel='slide-1' class='slide-image' title='Osvetljenost prostora'><img decoding=\"async\" width=\"355\" height=\"424\" src=\"https:\/\/khaweb.dev\/prodeco\/wp-content\/uploads\/2023\/03\/osvetljenost2-355x424.jpg\" class=\"wp-image-606 avia-img-lazy-loading-not-606 attachment-news-thumbnail size-news-thumbnail wp-post-image\" alt=\"\" srcset=\"https:\/\/khaweb.dev\/prodeco\/wp-content\/uploads\/2023\/03\/osvetljenost2.jpg 355w, https:\/\/khaweb.dev\/prodeco\/wp-content\/uploads\/2023\/03\/osvetljenost2-251x300.jpg 251w, https:\/\/khaweb.dev\/prodeco\/wp-content\/uploads\/2023\/03\/osvetljenost2-84x100.jpg 84w\" sizes=\"(max-width: 355px) 100vw, 355px\" \/><\/a><div class=\"slide-content\"><header class=\"entry-content-header\"><h3 class='slide-entry-title entry-title '  itemprop=\"headline\" ><a href='https:\/\/khaweb.dev\/prodeco\/osvetljenost-prostora\/' title='Osvetljenost prostora'>Osvetljenost prostora<\/a><\/h3><span class=\"blog-categories minor-meta\"><a href=\"https:\/\/khaweb.dev\/prodeco\/kategorija\/nekategorizovano\/\" rel=\"tag\">\u041d\u0435\u043a\u0430\u0442\u0435\u0433\u043e\u0440\u0438\u0437\u043e\u0432\u0430\u043d\u043e<\/a> <\/span><span class=\"av-vertical-delimiter\"><\/span><\/header><\/div><footer class=\"entry-footer\"><\/footer><span class='hidden'>\n\t\t\t\t<span class='av-structured-data'  itemprop=\"image\" itemscope=\"itemscope\" itemtype=\"https:\/\/schema.org\/ImageObject\" >\n\t\t\t\t\t\t<span itemprop='url'>https:\/\/khaweb.dev\/prodeco\/wp-content\/uploads\/2023\/03\/osvetljenost2.jpg<\/span>\n\t\t\t\t\t\t<span itemprop='height'>424<\/span>\n\t\t\t\t\t\t<span itemprop='width'>355<\/span>\n\t\t\t\t<\/span>\n\t\t\t\t<span class='av-structured-data'  itemprop=\"publisher\" itemtype=\"https:\/\/schema.org\/Organization\" itemscope=\"itemscope\" >\n\t\t\t\t\t\t<span itemprop='name'>evil<\/span>\n\t\t\t\t\t\t<span itemprop='logo' itemscope itemtype='https:\/\/schema.org\/ImageObject'>\n\t\t\t\t\t\t\t<span itemprop='url'>https:\/\/khaweb.dev\/prodeco\/wp-content\/uploads\/2023\/05\/prodeco-logo.jpg<\/span>\n\t\t\t\t\t\t<\/span>\n\t\t\t\t<\/span><span class='av-structured-data'  itemprop=\"author\" itemscope=\"itemscope\" itemtype=\"https:\/\/schema.org\/Person\" ><span itemprop='name'>evil<\/span><\/span><span class='av-structured-data'  itemprop=\"datePublished\" datetime=\"2023-03-16T16:20:05+01:00\" >2023-03-16 19:41:02<\/span><span class='av-structured-data'  itemprop=\"dateModified\" itemtype=\"https:\/\/schema.org\/dateModified\" >2023-03-21 10:08:34<\/span><span class='av-structured-data'  itemprop=\"mainEntityOfPage\" itemtype=\"https:\/\/schema.org\/mainEntityOfPage\" ><span itemprop='name'>Osvetljenost prostora<\/span><\/span><\/span><\/article><article class='slide-entry flex_column  post-entry post-entry-327 slide-entry-overview slide-loop-5 slide-parity-even  av_one_third  real-thumbnail post-format-image'  itemscope=\"itemscope\" itemtype=\"https:\/\/schema.org\/CreativeWork\" ><a href='https:\/\/khaweb.dev\/prodeco\/kako-odabrati-pravu-rasvetu\/' data-rel='slide-1' class='slide-image' title='Kako odabrati pravu rasvetu?'><img decoding=\"async\" width=\"355\" height=\"424\" src=\"https:\/\/khaweb.dev\/prodeco\/wp-content\/uploads\/2023\/03\/Rasveta-355x424.jpg\" class=\"wp-image-604 avia-img-lazy-loading-not-604 attachment-news-thumbnail size-news-thumbnail wp-post-image\" alt=\"\" \/><\/a><div class=\"slide-content\"><header class=\"entry-content-header\"><h3 class='slide-entry-title entry-title '  itemprop=\"headline\" ><a href='https:\/\/khaweb.dev\/prodeco\/kako-odabrati-pravu-rasvetu\/' title='Kako odabrati pravu rasvetu?'>Kako odabrati pravu rasvetu?<\/a><\/h3><span class=\"blog-categories minor-meta\"><a href=\"https:\/\/khaweb.dev\/prodeco\/kategorija\/nekategorizovano\/\" rel=\"tag\">\u041d\u0435\u043a\u0430\u0442\u0435\u0433\u043e\u0440\u0438\u0437\u043e\u0432\u0430\u043d\u043e<\/a> <\/span><span class=\"av-vertical-delimiter\"><\/span><\/header><\/div><footer class=\"entry-footer\"><\/footer><span class='hidden'>\n\t\t\t\t<span class='av-structured-data'  itemprop=\"image\" itemscope=\"itemscope\" itemtype=\"https:\/\/schema.org\/ImageObject\" >\n\t\t\t\t\t\t<span itemprop='url'>https:\/\/khaweb.dev\/prodeco\/wp-content\/uploads\/2023\/03\/Rasveta.jpg<\/span>\n\t\t\t\t\t\t<span itemprop='height'>869<\/span>\n\t\t\t\t\t\t<span itemprop='width'>1376<\/span>\n\t\t\t\t<\/span>\n\t\t\t\t<span class='av-structured-data'  itemprop=\"publisher\" itemtype=\"https:\/\/schema.org\/Organization\" itemscope=\"itemscope\" >\n\t\t\t\t\t\t<span itemprop='name'>evil<\/span>\n\t\t\t\t\t\t<span itemprop='logo' itemscope itemtype='https:\/\/schema.org\/ImageObject'>\n\t\t\t\t\t\t\t<span itemprop='url'>https:\/\/khaweb.dev\/prodeco\/wp-content\/uploads\/2023\/05\/prodeco-logo.jpg<\/span>\n\t\t\t\t\t\t<\/span>\n\t\t\t\t<\/span><span class='av-structured-data'  itemprop=\"author\" itemscope=\"itemscope\" itemtype=\"https:\/\/schema.org\/Person\" ><span itemprop='name'>evil<\/span><\/span><span class='av-structured-data'  itemprop=\"datePublished\" datetime=\"2023-03-16T16:20:05+01:00\" >2023-03-16 19:22:51<\/span><span class='av-structured-data'  itemprop=\"dateModified\" itemtype=\"https:\/\/schema.org\/dateModified\" >2023-03-21 10:07:34<\/span><span class='av-structured-data'  itemprop=\"mainEntityOfPage\" itemtype=\"https:\/\/schema.org\/mainEntityOfPage\" ><span itemprop='name'>Kako odabrati pravu rasvetu?<\/span><\/span><\/span><\/article><article class='slide-entry flex_column  post-entry post-entry-774 slide-entry-overview slide-loop-6 slide-parity-odd  post-entry-last  av_one_third  real-thumbnail post-format-image'  itemscope=\"itemscope\" itemtype=\"https:\/\/schema.org\/CreativeWork\" ><a href='https:\/\/khaweb.dev\/prodeco\/projektovanje\/' data-rel='slide-1' class='slide-image' title='Projektovanje'><img decoding=\"async\" width=\"355\" height=\"424\" src=\"https:\/\/khaweb.dev\/prodeco\/wp-content\/uploads\/2023\/03\/Prodeco-Projektovanje-Skiciranje-355x424.jpg\" class=\"wp-image-778 avia-img-lazy-loading-not-778 attachment-news-thumbnail size-news-thumbnail wp-post-image\" alt=\"\" \/><\/a><div class=\"slide-content\"><header class=\"entry-content-header\"><h3 class='slide-entry-title entry-title '  itemprop=\"headline\" ><a href='https:\/\/khaweb.dev\/prodeco\/projektovanje\/' title='Projektovanje'>Projektovanje<\/a><\/h3><span class=\"blog-categories minor-meta\"><a href=\"https:\/\/khaweb.dev\/prodeco\/kategorija\/nekategorizovano\/\" rel=\"tag\">\u041d\u0435\u043a\u0430\u0442\u0435\u0433\u043e\u0440\u0438\u0437\u043e\u0432\u0430\u043d\u043e<\/a> <\/span><span class=\"av-vertical-delimiter\"><\/span><\/header><\/div><footer class=\"entry-footer\"><\/footer><span class='hidden'>\n\t\t\t\t<span class='av-structured-data'  itemprop=\"image\" itemscope=\"itemscope\" itemtype=\"https:\/\/schema.org\/ImageObject\" >\n\t\t\t\t\t\t<span itemprop='url'>https:\/\/khaweb.dev\/prodeco\/wp-content\/uploads\/2023\/03\/Prodeco-Projektovanje-Skiciranje.jpg<\/span>\n\t\t\t\t\t\t<span itemprop='height'>1102<\/span>\n\t\t\t\t\t\t<span itemprop='width'>1000<\/span>\n\t\t\t\t<\/span>\n\t\t\t\t<span class='av-structured-data'  itemprop=\"publisher\" itemtype=\"https:\/\/schema.org\/Organization\" itemscope=\"itemscope\" >\n\t\t\t\t\t\t<span itemprop='name'>khaus<\/span>\n\t\t\t\t\t\t<span itemprop='logo' itemscope itemtype='https:\/\/schema.org\/ImageObject'>\n\t\t\t\t\t\t\t<span itemprop='url'>https:\/\/khaweb.dev\/prodeco\/wp-content\/uploads\/2023\/05\/prodeco-logo.jpg<\/span>\n\t\t\t\t\t\t<\/span>\n\t\t\t\t<\/span><span class='av-structured-data'  itemprop=\"author\" itemscope=\"itemscope\" itemtype=\"https:\/\/schema.org\/Person\" ><span itemprop='name'>khaus<\/span><\/span><span class='av-structured-data'  itemprop=\"datePublished\" datetime=\"2023-03-16T16:20:05+01:00\" >2023-03-15 12:00:41<\/span><span class='av-structured-data'  itemprop=\"dateModified\" itemtype=\"https:\/\/schema.org\/dateModified\" >2023-03-21 12:03:14<\/span><span class='av-structured-data'  itemprop=\"mainEntityOfPage\" itemtype=\"https:\/\/schema.org\/mainEntityOfPage\" ><span itemprop='name'>Projektovanje<\/span><\/span><\/span><\/article><\/div><\/div><\/div><\/div>\n<\/p>\n","protected":false},"excerpt":{"rendered":"","protected":false},"author":1,"featured_media":0,"parent":0,"menu_order":0,"comment_status":"closed","ping_status":"closed","template":"","meta":{"inline_featured_image":false,"footnotes":""},"class_list":["post-294","page","type-page","status-publish","hentry"],"_links":{"self":[{"href":"https:\/\/khaweb.dev\/prodeco\/wp-json\/wp\/v2\/pages\/294","targetHints":{"allow":["GET"]}}],"collection":[{"href":"https:\/\/khaweb.dev\/prodeco\/wp-json\/wp\/v2\/pages"}],"about":[{"href":"https:\/\/khaweb.dev\/prodeco\/wp-json\/wp\/v2\/types\/page"}],"author":[{"embeddable":true,"href":"https:\/\/khaweb.dev\/prodeco\/wp-json\/wp\/v2\/users\/1"}],"replies":[{"embeddable":true,"href":"https:\/\/khaweb.dev\/prodeco\/wp-json\/wp\/v2\/comments?post=294"}],"version-history":[{"count":1,"href":"https:\/\/khaweb.dev\/prodeco\/wp-json\/wp\/v2\/pages\/294\/revisions"}],"predecessor-version":[{"id":1073,"href":"https:\/\/khaweb.dev\/prodeco\/wp-json\/wp\/v2\/pages\/294\/revisions\/1073"}],"wp:attachment":[{"href":"https:\/\/khaweb.dev\/prodeco\/wp-json\/wp\/v2\/media?parent=294"}],"curies":[{"name":"wp","href":"https:\/\/api.w.org\/{rel}","templated":true}]}}