{"id":288,"date":"2023-03-16T16:18:55","date_gmt":"2023-03-16T15:18:55","guid":{"rendered":"https:\/\/khaweb.dev\/prodeco\/?page_id=288"},"modified":"2023-03-21T13:56:34","modified_gmt":"2023-03-21T12:56:34","slug":"projekti","status":"publish","type":"page","link":"https:\/\/khaweb.dev\/prodeco\/projekti\/","title":{"rendered":"Projekti"},"content":{"rendered":"<div id='av_section_1'  class='avia-section av-1o8fhs-db2c255f4665832f69f25851d36a92ca main_color avia-section-default avia-no-border-styling  avia-builder-el-0  el_before_av_section  avia-builder-el-first  avia-bg-style-scroll container_wrap fullsize'  ><div class='container av-section-cont-open' ><main  role=\"main\" itemprop=\"mainContentOfPage\"  class='template-page content  av-content-full alpha units'><div class='post-entry post-entry-type-page post-entry-288'><div class='entry-content-wrapper clearfix'>\n<div class='flex_column_table av-1liy8g-b9712a50482a0dff6159de824684fa73 sc-av_one_full av-equal-height-column-flextable'><div class='flex_column av-1liy8g-b9712a50482a0dff6159de824684fa73 av_one_full  avia-builder-el-1  avia-builder-el-no-sibling  first flex_column_table_cell av-equal-height-column av-align-middle '     ><p>\n<style type=\"text\/css\" data-created_by=\"avia_inline_auto\" id=\"style-css-av-1ehv4g-fc6fbc542bbbcfd38fbd512606e5ee3f\">\n#top .av-special-heading.av-1ehv4g-fc6fbc542bbbcfd38fbd512606e5ee3f{\nmargin:0 0px 0px 0px;\npadding-bottom:10px;\nfont-size:80px;\n}\nbody .av-special-heading.av-1ehv4g-fc6fbc542bbbcfd38fbd512606e5ee3f .av-special-heading-tag .heading-char{\nfont-size:25px;\n}\n#top #wrap_all .av-special-heading.av-1ehv4g-fc6fbc542bbbcfd38fbd512606e5ee3f .av-special-heading-tag{\nfont-size:80px;\npadding:0 0px 0px 0px;\n}\n.av-special-heading.av-1ehv4g-fc6fbc542bbbcfd38fbd512606e5ee3f .av-subheading{\nfont-size:18px;\n}\n\n@media only screen and (min-width: 480px) and (max-width: 767px){ \n#top #wrap_all .av-special-heading.av-1ehv4g-fc6fbc542bbbcfd38fbd512606e5ee3f .av-special-heading-tag{\nfont-size:0.8em;\n}\n}\n\n@media only screen and (max-width: 479px){ \n#top #wrap_all .av-special-heading.av-1ehv4g-fc6fbc542bbbcfd38fbd512606e5ee3f .av-special-heading-tag{\nfont-size:0.8em;\n}\n}\n<\/style>\n<div  class='av-special-heading av-1ehv4g-fc6fbc542bbbcfd38fbd512606e5ee3f av-special-heading-h1 blockquote modern-quote  avia-builder-el-2  el_before_av_textblock  avia-builder-el-first  av-inherit-size'><div class='av-subheading av-subheading_above'><p>Na\u0161i radovi<\/p>\n<\/div><h1 class='av-special-heading-tag'  itemprop=\"headline\"  >Projekti<\/h1><div class=\"special-heading-border\"><div class=\"special-heading-inner-border\"><\/div><\/div><\/div><br \/>\n<section  class='av_textblock_section av-lfb9f4s2-c1da17ffa2c6c1b64fc15664b9c65d60'  itemscope=\"itemscope\" itemtype=\"https:\/\/schema.org\/CreativeWork\" ><div class='avia_textblock'  itemprop=\"text\" ><p>Na\u0161 osnovni moto jeste personilizacija projektovanog prostora, odnosno implementiranje identiteta korisnika u budu\u0107i prostor, kako bi se u potpunosti zadovoljile potrebe svakog klijenta. Sa ponosom mo\u017eemo re\u0107i da su neki od najpose\u0107enijih hotela, apartmana upravo na\u0161i projekti, kao i individualni i kolektivni objekti, koji krase prostorni ambijent.<\/p>\n<\/div><\/section><\/p><\/div><\/div><!--close column table wrapper. Autoclose: 1 -->\n\n<\/div><\/div><\/main><!-- close content main element --><\/div><\/div><div id='av_section_2'  class='avia-section av-4db14-eec7f4aa6ffe39b92b7d986e519d31df main_color avia-section-small avia-no-border-styling  avia-builder-el-4  el_after_av_section  avia-builder-el-last  avia-bg-style-scroll container_wrap fullsize'  ><div class='container av-section-cont-open' ><div class='template-page content  av-content-full alpha units'><div class='post-entry post-entry-type-page post-entry-288'><div class='entry-content-wrapper clearfix'>\n<div  id=\"portfolio-strana\"  class=\"av-portfolio-grid-sorting-container\"><div class='sort_width_container  av-sort-yes' data-portfolio-id='1' ><div id='js_sort_items' ><div class='sort_by_cat '><a href=\"#\" data-filter=\"all_sort\" class=\"all_sort_button active_sort\"><span class=\"inner_sort_button\"><span>Sve<\/span><small class=\"av-cat-count\"> 6 <\/small><\/span><\/a><span class=\"text-sep stambeni-objekti_sort_sep\">\/<\/span><a href=\"#\" data-filter=\"stambeni-objekti_sort\" class=\"stambeni-objekti_sort_button\" ><span class=\"inner_sort_button\"><span>Stambeni objekti<\/span><small class=\"av-cat-count\"> 1 <\/small><\/span><\/a><span class=\"text-sep proizvodne-hale_sort_sep\">\/<\/span><a href=\"#\" data-filter=\"proizvodne-hale_sort\" class=\"proizvodne-hale_sort_button\" ><span class=\"inner_sort_button\"><span>Proizvodne hale<\/span><small class=\"av-cat-count\"> 1 <\/small><\/span><\/a><span class=\"text-sep uredjenje-enterijera_sort_sep\">\/<\/span><a href=\"#\" data-filter=\"uredjenje-enterijera_sort\" class=\"uredjenje-enterijera_sort_button\" ><span class=\"inner_sort_button\"><span>Ure\u0111enje enterijera<\/span><small class=\"av-cat-count\"> 5 <\/small><\/span><\/a><\/div><\/div><\/div><div  class=' grid-sort-container isotope   no_margin-container with-excerpt-container grid-total-even grid-col-3 grid-links-' data-portfolio-id='1'><div data-ajax-id='665' class=' grid-entry flex_column isotope-item all_sort no_margin post-entry post-entry-665 grid-entry-overview grid-loop-1 grid-parity-odd  uredjenje-enterijera_sort  av_one_third first default_av_fullwidth '><article class='main_color inner-entry'  itemscope=\"itemscope\" itemtype=\"https:\/\/schema.org\/CreativeWork\" ><a href=\"https:\/\/khaweb.dev\/prodeco\/portfolio\/loby-hotel-hamburg\/\" title='Loby Hotel Hamburg'  data-rel='grid-1' class='grid-image avia-hover-fx'> <img decoding=\"async\" width=\"705\" height=\"445\" src=\"https:\/\/khaweb.dev\/prodeco\/wp-content\/uploads\/2023\/03\/Hotel-Loby-Hamburg-705x445.jpg\" class=\"wp-image-666 avia-img-lazy-loading-not-666 attachment-masonry size-masonry wp-post-image\" alt=\"\" srcset=\"https:\/\/khaweb.dev\/prodeco\/wp-content\/uploads\/2023\/03\/Hotel-Loby-Hamburg-705x445.jpg 705w, https:\/\/khaweb.dev\/prodeco\/wp-content\/uploads\/2023\/03\/Hotel-Loby-Hamburg-300x189.jpg 300w, https:\/\/khaweb.dev\/prodeco\/wp-content\/uploads\/2023\/03\/Hotel-Loby-Hamburg-768x485.jpg 768w, https:\/\/khaweb.dev\/prodeco\/wp-content\/uploads\/2023\/03\/Hotel-Loby-Hamburg-1030x650.jpg 1030w, https:\/\/khaweb.dev\/prodeco\/wp-content\/uploads\/2023\/03\/Hotel-Loby-Hamburg-158x100.jpg 158w, https:\/\/khaweb.dev\/prodeco\/wp-content\/uploads\/2023\/03\/Hotel-Loby-Hamburg.jpg 1400w\" sizes=\"(max-width: 705px) 100vw, 705px\" \/><\/a><div class='grid-content'><div class='avia-arrow'><\/div><header class=\"entry-content-header\"><h3 class='grid-entry-title entry-title '  itemprop=\"headline\" ><a href='https:\/\/khaweb.dev\/prodeco\/portfolio\/loby-hotel-hamburg\/' title='Loby Hotel Hamburg'>Loby Hotel Hamburg<\/a><\/h3><\/header><div class='grid-entry-excerpt entry-content'  itemprop=\"text\" >Ure\u0111enje enterijera<\/div><\/div><footer class=\"entry-footer\"><\/footer><\/article><\/div><div data-ajax-id='649' class=' grid-entry flex_column isotope-item all_sort no_margin post-entry post-entry-649 grid-entry-overview grid-loop-2 grid-parity-even  uredjenje-enterijera_sort istaknuto_sort  av_one_third  default_av_fullwidth '><article class='main_color inner-entry'  itemscope=\"itemscope\" itemtype=\"https:\/\/schema.org\/CreativeWork\" ><a href=\"https:\/\/khaweb.dev\/prodeco\/portfolio\/stan-u-repiskoj\/\" title='Stan u Repi\u0161koj'  data-rel='grid-1' class='grid-image avia-hover-fx'> <img decoding=\"async\" width=\"705\" height=\"445\" src=\"https:\/\/khaweb.dev\/prodeco\/wp-content\/uploads\/2023\/03\/prodeco-enterijer3-705x445.jpg\" class=\"wp-image-65 avia-img-lazy-loading-not-65 attachment-masonry size-masonry wp-post-image\" alt=\"\" srcset=\"https:\/\/khaweb.dev\/prodeco\/wp-content\/uploads\/2023\/03\/prodeco-enterijer3-705x445.jpg 705w, https:\/\/khaweb.dev\/prodeco\/wp-content\/uploads\/2023\/03\/prodeco-enterijer3-300x189.jpg 300w, https:\/\/khaweb.dev\/prodeco\/wp-content\/uploads\/2023\/03\/prodeco-enterijer3-768x485.jpg 768w, https:\/\/khaweb.dev\/prodeco\/wp-content\/uploads\/2023\/03\/prodeco-enterijer3-1030x651.jpg 1030w, https:\/\/khaweb.dev\/prodeco\/wp-content\/uploads\/2023\/03\/prodeco-enterijer3-1536x970.jpg 1536w, https:\/\/khaweb.dev\/prodeco\/wp-content\/uploads\/2023\/03\/prodeco-enterijer3-1500x947.jpg 1500w, https:\/\/khaweb.dev\/prodeco\/wp-content\/uploads\/2023\/03\/prodeco-enterijer3.jpg 1710w\" sizes=\"(max-width: 705px) 100vw, 705px\" \/><\/a><div class='grid-content'><div class='avia-arrow'><\/div><header class=\"entry-content-header\"><h3 class='grid-entry-title entry-title '  itemprop=\"headline\" ><a href='https:\/\/khaweb.dev\/prodeco\/portfolio\/stan-u-repiskoj\/' title='Stan u Repi\u0161koj'>Stan u Repi\u0161koj<\/a><\/h3><\/header><div class='grid-entry-excerpt entry-content'  itemprop=\"text\" >Ure\u0111enje enterijera<\/div><\/div><footer class=\"entry-footer\"><\/footer><\/article><\/div><div data-ajax-id='632' class=' grid-entry flex_column isotope-item all_sort no_margin post-entry post-entry-632 grid-entry-overview grid-loop-3 grid-parity-odd  stambeni-objekti_sort  av_one_third  default_av_fullwidth '><article class='main_color inner-entry'  itemscope=\"itemscope\" itemtype=\"https:\/\/schema.org\/CreativeWork\" ><a href=\"https:\/\/khaweb.dev\/prodeco\/portfolio\/kuca-u-uciteljskoj\/\" title='Ku\u0107a u U\u010diteljskoj'  data-rel='grid-1' class='grid-image avia-hover-fx'> <img decoding=\"async\" width=\"705\" height=\"445\" src=\"https:\/\/khaweb.dev\/prodeco\/wp-content\/uploads\/2023\/03\/Uciteljska-baner-705x445.jpg\" class=\"wp-image-644 avia-img-lazy-loading-not-644 attachment-masonry size-masonry wp-post-image\" alt=\"\" srcset=\"https:\/\/khaweb.dev\/prodeco\/wp-content\/uploads\/2023\/03\/Uciteljska-baner-705x445.jpg 705w, https:\/\/khaweb.dev\/prodeco\/wp-content\/uploads\/2023\/03\/Uciteljska-baner-300x189.jpg 300w, https:\/\/khaweb.dev\/prodeco\/wp-content\/uploads\/2023\/03\/Uciteljska-baner-768x485.jpg 768w, https:\/\/khaweb.dev\/prodeco\/wp-content\/uploads\/2023\/03\/Uciteljska-baner-1030x650.jpg 1030w, https:\/\/khaweb.dev\/prodeco\/wp-content\/uploads\/2023\/03\/Uciteljska-baner-158x100.jpg 158w, https:\/\/khaweb.dev\/prodeco\/wp-content\/uploads\/2023\/03\/Uciteljska-baner.jpg 1400w\" sizes=\"(max-width: 705px) 100vw, 705px\" \/><\/a><div class='grid-content'><div class='avia-arrow'><\/div><header class=\"entry-content-header\"><h3 class='grid-entry-title entry-title '  itemprop=\"headline\" ><a href='https:\/\/khaweb.dev\/prodeco\/portfolio\/kuca-u-uciteljskoj\/' title='Ku\u0107a u U\u010diteljskoj'>Ku\u0107a u U\u010diteljskoj<\/a><\/h3><\/header><div class='grid-entry-excerpt entry-content'  itemprop=\"text\" >Projektovanje ku\u0107e<\/div><\/div><footer class=\"entry-footer\"><\/footer><\/article><\/div><div data-ajax-id='623' class=' grid-entry flex_column isotope-item all_sort no_margin post-entry post-entry-623 grid-entry-overview grid-loop-4 grid-parity-even  uredjenje-enterijera_sort  av_one_third first default_av_fullwidth '><article class='main_color inner-entry'  itemscope=\"itemscope\" itemtype=\"https:\/\/schema.org\/CreativeWork\" ><a href=\"https:\/\/khaweb.dev\/prodeco\/portfolio\/apartman-na-kopaoniku\/\" title='Apartman na Kopaoniku'  data-rel='grid-1' class='grid-image avia-hover-fx'> <img decoding=\"async\" width=\"705\" height=\"445\" src=\"https:\/\/khaweb.dev\/prodeco\/wp-content\/uploads\/2023\/03\/Apartman-Kopaonik-705x445.jpg\" class=\"wp-image-624 avia-img-lazy-loading-not-624 attachment-masonry size-masonry wp-post-image\" alt=\"\" srcset=\"https:\/\/khaweb.dev\/prodeco\/wp-content\/uploads\/2023\/03\/Apartman-Kopaonik-705x445.jpg 705w, https:\/\/khaweb.dev\/prodeco\/wp-content\/uploads\/2023\/03\/Apartman-Kopaonik-300x189.jpg 300w, https:\/\/khaweb.dev\/prodeco\/wp-content\/uploads\/2023\/03\/Apartman-Kopaonik-768x485.jpg 768w, https:\/\/khaweb.dev\/prodeco\/wp-content\/uploads\/2023\/03\/Apartman-Kopaonik-1030x650.jpg 1030w, https:\/\/khaweb.dev\/prodeco\/wp-content\/uploads\/2023\/03\/Apartman-Kopaonik-158x100.jpg 158w, https:\/\/khaweb.dev\/prodeco\/wp-content\/uploads\/2023\/03\/Apartman-Kopaonik.jpg 1400w\" sizes=\"(max-width: 705px) 100vw, 705px\" \/><\/a><div class='grid-content'><div class='avia-arrow'><\/div><header class=\"entry-content-header\"><h3 class='grid-entry-title entry-title '  itemprop=\"headline\" ><a href='https:\/\/khaweb.dev\/prodeco\/portfolio\/apartman-na-kopaoniku\/' title='Apartman na Kopaoniku'>Apartman na Kopaoniku<\/a><\/h3><\/header><div class='grid-entry-excerpt entry-content'  itemprop=\"text\" >Ure\u0111enje enterijera<\/div><\/div><footer class=\"entry-footer\"><\/footer><\/article><\/div><div data-ajax-id='570' class=' grid-entry flex_column isotope-item all_sort no_margin post-entry post-entry-570 grid-entry-overview grid-loop-5 grid-parity-odd  istaknuto_sort proizvodne-hale_sort uredjenje-enterijera_sort  av_one_third  default_av_fullwidth '><article class='main_color inner-entry'  itemscope=\"itemscope\" itemtype=\"https:\/\/schema.org\/CreativeWork\" ><a href=\"https:\/\/khaweb.dev\/prodeco\/portfolio\/stan-u-bloku-70\/\" title='Stan u bloku 70'  data-rel='grid-1' class='grid-image avia-hover-fx'> <img decoding=\"async\" width=\"705\" height=\"445\" src=\"https:\/\/khaweb.dev\/prodeco\/wp-content\/uploads\/2023\/03\/prodeco-enterijer1-705x445.jpg\" class=\"wp-image-63 avia-img-lazy-loading-not-63 attachment-masonry size-masonry wp-post-image\" alt=\"\" srcset=\"https:\/\/khaweb.dev\/prodeco\/wp-content\/uploads\/2023\/03\/prodeco-enterijer1-705x445.jpg 705w, https:\/\/khaweb.dev\/prodeco\/wp-content\/uploads\/2023\/03\/prodeco-enterijer1-300x189.jpg 300w, https:\/\/khaweb.dev\/prodeco\/wp-content\/uploads\/2023\/03\/prodeco-enterijer1-768x485.jpg 768w, https:\/\/khaweb.dev\/prodeco\/wp-content\/uploads\/2023\/03\/prodeco-enterijer1-1030x650.jpg 1030w, https:\/\/khaweb.dev\/prodeco\/wp-content\/uploads\/2023\/03\/prodeco-enterijer1.jpg 1376w\" sizes=\"(max-width: 705px) 100vw, 705px\" \/><\/a><div class='grid-content'><div class='avia-arrow'><\/div><header class=\"entry-content-header\"><h3 class='grid-entry-title entry-title '  itemprop=\"headline\" ><a href='https:\/\/khaweb.dev\/prodeco\/portfolio\/stan-u-bloku-70\/' title='Stan u bloku 70'>Stan u bloku 70<\/a><\/h3><\/header><div class='grid-entry-excerpt entry-content'  itemprop=\"text\" >Ure\u0111enje enterijera<\/div><\/div><footer class=\"entry-footer\"><\/footer><\/article><\/div><div data-ajax-id='304' class=' grid-entry flex_column isotope-item all_sort no_margin post-entry post-entry-304 grid-entry-overview grid-loop-6 grid-parity-even  post-entry-last  istaknuto_sort uredjenje-enterijera_sort  av_one_third  default_av_fullwidth '><article class='main_color inner-entry'  itemscope=\"itemscope\" itemtype=\"https:\/\/schema.org\/CreativeWork\" ><a href=\"https:\/\/khaweb.dev\/prodeco\/portfolio\/galerija-na-banovom-brdu\/\" title='Galerija na Banovom Brdu'  data-rel='grid-1' class='grid-image avia-hover-fx'> <img decoding=\"async\" width=\"705\" height=\"445\" src=\"https:\/\/khaweb.dev\/prodeco\/wp-content\/uploads\/2023\/03\/prodeco-enterijer2-705x445.jpg\" class=\"wp-image-64 avia-img-lazy-loading-not-64 attachment-masonry size-masonry wp-post-image\" alt=\"\" srcset=\"https:\/\/khaweb.dev\/prodeco\/wp-content\/uploads\/2023\/03\/prodeco-enterijer2-705x445.jpg 705w, https:\/\/khaweb.dev\/prodeco\/wp-content\/uploads\/2023\/03\/prodeco-enterijer2-300x189.jpg 300w, https:\/\/khaweb.dev\/prodeco\/wp-content\/uploads\/2023\/03\/prodeco-enterijer2-768x485.jpg 768w, https:\/\/khaweb.dev\/prodeco\/wp-content\/uploads\/2023\/03\/prodeco-enterijer2-1030x650.jpg 1030w, https:\/\/khaweb.dev\/prodeco\/wp-content\/uploads\/2023\/03\/prodeco-enterijer2.jpg 1400w\" sizes=\"(max-width: 705px) 100vw, 705px\" \/><\/a><div class='grid-content'><div class='avia-arrow'><\/div><header class=\"entry-content-header\"><h3 class='grid-entry-title entry-title '  itemprop=\"headline\" ><a href='https:\/\/khaweb.dev\/prodeco\/portfolio\/galerija-na-banovom-brdu\/' title='Galerija na Banovom Brdu'>Galerija na Banovom Brdu<\/a><\/h3><\/header><div class='grid-entry-excerpt entry-content'  itemprop=\"text\" >Ure\u0111enje enterijera<\/div><\/div><footer class=\"entry-footer\"><\/footer><\/article><\/div><\/div><\/div>   <!--   class=\"av-portfolio-grid-sorting-container\"  -->\n\n","protected":false},"excerpt":{"rendered":"","protected":false},"author":1,"featured_media":0,"parent":0,"menu_order":0,"comment_status":"closed","ping_status":"closed","template":"","meta":{"inline_featured_image":false,"footnotes":""},"class_list":["post-288","page","type-page","status-publish","hentry"],"_links":{"self":[{"href":"https:\/\/khaweb.dev\/prodeco\/wp-json\/wp\/v2\/pages\/288","targetHints":{"allow":["GET"]}}],"collection":[{"href":"https:\/\/khaweb.dev\/prodeco\/wp-json\/wp\/v2\/pages"}],"about":[{"href":"https:\/\/khaweb.dev\/prodeco\/wp-json\/wp\/v2\/types\/page"}],"author":[{"embeddable":true,"href":"https:\/\/khaweb.dev\/prodeco\/wp-json\/wp\/v2\/users\/1"}],"replies":[{"embeddable":true,"href":"https:\/\/khaweb.dev\/prodeco\/wp-json\/wp\/v2\/comments?post=288"}],"version-history":[{"count":1,"href":"https:\/\/khaweb.dev\/prodeco\/wp-json\/wp\/v2\/pages\/288\/revisions"}],"predecessor-version":[{"id":997,"href":"https:\/\/khaweb.dev\/prodeco\/wp-json\/wp\/v2\/pages\/288\/revisions\/997"}],"wp:attachment":[{"href":"https:\/\/khaweb.dev\/prodeco\/wp-json\/wp\/v2\/media?parent=288"}],"curies":[{"name":"wp","href":"https:\/\/api.w.org\/{rel}","templated":true}]}}