{"id":285,"date":"2023-03-16T16:18:26","date_gmt":"2023-03-16T15:18:26","guid":{"rendered":"https:\/\/khaweb.dev\/prodeco\/?page_id=285"},"modified":"2023-05-17T23:29:04","modified_gmt":"2023-05-17T21:29:04","slug":"o-nama","status":"publish","type":"page","link":"https:\/\/khaweb.dev\/prodeco\/o-nama\/","title":{"rendered":"O nama"},"content":{"rendered":"<div id='av_section_1'  class='avia-section av-1pmzph-614874e1b4f22fc2f9109776c201a4ac main_color avia-section-default avia-no-border-styling  avia-builder-el-0  el_before_av_section  avia-builder-el-first  avia-bg-style-scroll container_wrap fullsize'  ><div class='container av-section-cont-open' ><main  role=\"main\" itemprop=\"mainContentOfPage\"  class='template-page content  av-content-full alpha units'><div class='post-entry post-entry-type-page post-entry-285'><div class='entry-content-wrapper clearfix'>\n<div class='flex_column_table av-1kmzrp-1540ebf8bcd2ec5ce05da34d919ec665 sc-av_three_fifth av-equal-height-column-flextable'><div class='flex_column av-1kmzrp-1540ebf8bcd2ec5ce05da34d919ec665 av_three_fifth  avia-builder-el-1  el_before_av_two_fifth  avia-builder-el-first  first flex_column_table_cell av-equal-height-column av-align-middle '     ><style type=\"text\/css\" data-created_by=\"avia_inline_auto\" id=\"style-css-av-1gfs3h-286c05d05b6ea4a04cf7ab1e437db035\">\n#top .av-special-heading.av-1gfs3h-286c05d05b6ea4a04cf7ab1e437db035{\npadding-bottom:10px;\nfont-size:80px;\n}\nbody .av-special-heading.av-1gfs3h-286c05d05b6ea4a04cf7ab1e437db035 .av-special-heading-tag .heading-char{\nfont-size:25px;\n}\n#top #wrap_all .av-special-heading.av-1gfs3h-286c05d05b6ea4a04cf7ab1e437db035 .av-special-heading-tag{\nfont-size:80px;\n}\n.av-special-heading.av-1gfs3h-286c05d05b6ea4a04cf7ab1e437db035 .av-subheading{\nfont-size:18px;\n}\n\n@media only screen and (min-width: 480px) and (max-width: 767px){ \n#top #wrap_all .av-special-heading.av-1gfs3h-286c05d05b6ea4a04cf7ab1e437db035 .av-special-heading-tag{\nfont-size:0.8em;\n}\n}\n\n@media only screen and (max-width: 479px){ \n#top #wrap_all .av-special-heading.av-1gfs3h-286c05d05b6ea4a04cf7ab1e437db035 .av-special-heading-tag{\nfont-size:0.8em;\n}\n}\n<\/style>\n<div  class='av-special-heading av-1gfs3h-286c05d05b6ea4a04cf7ab1e437db035 av-special-heading-h1 blockquote modern-quote  avia-builder-el-2  avia-builder-el-no-sibling  av-inherit-size'><div class='av-subheading av-subheading_above'><p>Ko smo mi<\/p>\n<\/div><h1 class='av-special-heading-tag'  itemprop=\"headline\"  >O nama<\/h1><div class=\"special-heading-border\"><div class=\"special-heading-inner-border\"><\/div><\/div><\/div><\/div><div class='av-flex-placeholder'><\/div><div class='flex_column av-17e4bx-1b8b6fd8599328b6357beb0205f8f03a av_two_fifth  avia-builder-el-3  el_after_av_three_fifth  avia-builder-el-last  flex_column_table_cell av-equal-height-column av-align-middle '     ><\/div><\/div><!--close column table wrapper. Autoclose: 1 -->\n\n<\/div><\/div><\/main><!-- close content main element --><\/div><\/div>\n<style type=\"text\/css\" data-created_by=\"avia_inline_auto\" id=\"style-css-av-lfcsxq3r-45e8a3490a2dda52e0cbea3fd2bb4916\">\n.avia-section.av-lfcsxq3r-45e8a3490a2dda52e0cbea3fd2bb4916{\nbackground-repeat:no-repeat;\nbackground-image:url(https:\/\/khaweb.dev\/prodeco\/wp-content\/uploads\/2023\/03\/prodeco-o-nama-baner.jpg);\nbackground-position:50% 50%;\nbackground-attachment:scroll;\n}\n<\/style>\n<div id='av_section_2'  class='avia-section av-lfcsxq3r-45e8a3490a2dda52e0cbea3fd2bb4916 main_color avia-section-default avia-no-border-styling  avia-builder-el-4  el_after_av_section  el_before_av_section  header-slika avia-full-stretch avia-bg-style-scroll av-minimum-height av-minimum-height-custom  container_wrap fullsize'  data-section-bg-repeat='stretch' data-av_minimum_height_px='750'><div class='container av-section-cont-open' style='height:750px'><div class='template-page content  av-content-full alpha units'><div class='post-entry post-entry-type-page post-entry-285'><div class='entry-content-wrapper clearfix'>\n<\/div><\/div><\/div><!-- close content main div --><\/div><\/div>\n<style type=\"text\/css\" data-created_by=\"avia_inline_auto\" id=\"style-css-av-lfct0kcp-ab45cb1ede1dae1476f9f50e9c55df4e\">\n.avia-section.av-lfct0kcp-ab45cb1ede1dae1476f9f50e9c55df4e{\nbackground-color:#f9f9f9;\nbackground-image:unset;\n}\n<\/style>\n<div id='av_section_3'  class='avia-section av-lfct0kcp-ab45cb1ede1dae1476f9f50e9c55df4e main_color avia-section-default avia-no-border-styling  avia-builder-el-5  el_after_av_section  el_before_av_section  avia-bg-style-scroll container_wrap fullsize'  ><div class='container av-section-cont-open' ><div class='template-page content  av-content-full alpha units'><div class='post-entry post-entry-type-page post-entry-285'><div class='entry-content-wrapper clearfix'>\n<div class='flex_column av-138tbx-f04aadeda0e415e24296dc56e2d8b3ff av_two_third  avia-builder-el-6  avia-builder-el-no-sibling  first flex_column_div '     ><style type=\"text\/css\" data-created_by=\"avia_inline_auto\" id=\"style-css-av-lfct06xx-0c61598b59575ddf0df438e1b67ff5d8\">\n#top .av-special-heading.av-lfct06xx-0c61598b59575ddf0df438e1b67ff5d8{\npadding-bottom:10px;\nfont-size:64px;\n}\nbody .av-special-heading.av-lfct06xx-0c61598b59575ddf0df438e1b67ff5d8 .av-special-heading-tag .heading-char{\nfont-size:25px;\n}\n#top #wrap_all .av-special-heading.av-lfct06xx-0c61598b59575ddf0df438e1b67ff5d8 .av-special-heading-tag{\nfont-size:64px;\n}\n.av-special-heading.av-lfct06xx-0c61598b59575ddf0df438e1b67ff5d8 .av-subheading{\nfont-size:18px;\n}\n\n@media only screen and (min-width: 480px) and (max-width: 767px){ \n#top #wrap_all .av-special-heading.av-lfct06xx-0c61598b59575ddf0df438e1b67ff5d8 .av-special-heading-tag{\nfont-size:0.8em;\n}\n}\n\n@media only screen and (max-width: 479px){ \n#top #wrap_all .av-special-heading.av-lfct06xx-0c61598b59575ddf0df438e1b67ff5d8 .av-special-heading-tag{\nfont-size:0.8em;\n}\n}\n<\/style>\n<div  class='av-special-heading av-lfct06xx-0c61598b59575ddf0df438e1b67ff5d8 av-special-heading-h2 blockquote modern-quote  avia-builder-el-7  avia-builder-el-no-sibling  av-inherit-size'><div class='av-subheading av-subheading_above'><p>Za\u0161to bas mi?<\/p>\n<\/div><h2 class='av-special-heading-tag'  itemprop=\"headline\"  >Pozovite nas da po\u010dnemo sa kreiranjem va\u0161e. Prodeco &#8211; Dizajn enterijera i eksterijera<\/h2><div class=\"special-heading-border\"><div class=\"special-heading-inner-border\"><\/div><\/div><\/div><\/div><\/div><\/div><\/div><!-- close content main div --><\/div><\/div><div id='av_section_4'  class='avia-section av-q186t-75254381e88e75b9c9a7d4cac89b569f main_color avia-section-default avia-no-border-styling  avia-builder-el-8  el_after_av_section  avia-builder-el-last  avia-bg-style-scroll container_wrap fullsize'  ><div class='container av-section-cont-open' ><div class='template-page content  av-content-full alpha units'><div class='post-entry post-entry-type-page post-entry-285'><div class='entry-content-wrapper clearfix'>\n\n<style type=\"text\/css\" data-created_by=\"avia_inline_auto\" id=\"style-css-av-l5y05-d796258bc713f26f3276cb6c76522150\">\n.flex_column.av-l5y05-d796258bc713f26f3276cb6c76522150{\nwidth:47.5%;\n}\n<\/style>\n<div class='flex_column av-l5y05-d796258bc713f26f3276cb6c76522150 av_one_half  avia-builder-el-9  el_before_av_one_half  avia-builder-el-first  first flex_column_div '     ><p>\n<style type=\"text\/css\" data-created_by=\"avia_inline_auto\" id=\"style-css-av-lffdfj3v-630af570895cb7688aee974767d72573\">\n#top .av-special-heading.av-lffdfj3v-630af570895cb7688aee974767d72573{\npadding-bottom:10px;\nfont-size:32px;\n}\nbody .av-special-heading.av-lffdfj3v-630af570895cb7688aee974767d72573 .av-special-heading-tag .heading-char{\nfont-size:25px;\n}\n#top #wrap_all .av-special-heading.av-lffdfj3v-630af570895cb7688aee974767d72573 .av-special-heading-tag{\nfont-size:32px;\n}\n.av-special-heading.av-lffdfj3v-630af570895cb7688aee974767d72573 .av-subheading{\nfont-size:18px;\n}\n\n@media only screen and (min-width: 480px) and (max-width: 767px){ \n#top #wrap_all .av-special-heading.av-lffdfj3v-630af570895cb7688aee974767d72573 .av-special-heading-tag{\nfont-size:0.8em;\n}\n}\n\n@media only screen and (max-width: 479px){ \n#top #wrap_all .av-special-heading.av-lffdfj3v-630af570895cb7688aee974767d72573 .av-special-heading-tag{\nfont-size:0.8em;\n}\n}\n<\/style>\n<div  class='av-special-heading av-lffdfj3v-630af570895cb7688aee974767d72573 av-special-heading-h2 blockquote modern-quote  avia-builder-el-10  el_before_av_textblock  avia-builder-el-first  av-inherit-size'><div class='av-subheading av-subheading_above'><p>O nama<\/p>\n<\/div><h2 class='av-special-heading-tag'  itemprop=\"headline\"  >Na\u0161a delatnost je izgradnja, rekonstrukcija i adaptacija objekata kao i projektovanje i opremanje enterijera. Konstantno usavr\u0161avamo kadrove i stvaramo nove trendove, koristimo kvalitetne materijale i posedujemo svu neophodnu opremu za rad. Ure\u0111ujemo Va\u0161 objekat od po\u010detnih radova do krajnjih detalja i finesa.<\/h2><div class=\"special-heading-border\"><div class=\"special-heading-inner-border\"><\/div><\/div><\/div><br \/>\n<section  class='av_textblock_section av-gn3cl-5d9542f5dab800bec06ac75baad6500a'  itemscope=\"itemscope\" itemtype=\"https:\/\/schema.org\/CreativeWork\" ><div class='avia_textblock'  itemprop=\"text\" ><p>Prodeco je pravi izbor jer Vas osloba\u0111a od anga\u017eovanja i tra\u017eenja majstora, materijala i mobilijara. Sve to mo\u017eete na\u0107i kod nas, na jednom mestu! Upo\u0161ljavamo tim najstru\u010dnijih ljudi od kojih je svaki majstor svog zanata, usredsre\u0111en na svoj deo posla, ali deluje i u saradnji sa ostatkom tima kako bismo uspe\u0161no realizovali Va\u0161u zamisao! Dizajniramo EKSTERIJERE i ENTERIJERE prema Va\u0161im \u017eeljama, potrebama i stilu. Detaljno analiziramo, dajemo sugestije jer prakti\u010dna i originalna re\u0161enja \u010desto prema\u0161uju \u017eelje na\u0161ih klijenata. Dizajniramo i nudimo veliki izbor najkvalitetnijeg NAME\u0160TAJA, unikatne detalje I DEKORACIJU koji daju li\u010dni pe\u010dat Va\u0161em enterijeru.<\/p>\n<\/div><\/section><\/p><\/div>\n<style type=\"text\/css\" data-created_by=\"avia_inline_auto\" id=\"style-css-av-hs0cd-01fdc1b99fbd46d13beddd70336dfa9c\">\n.flex_column.av-hs0cd-01fdc1b99fbd46d13beddd70336dfa9c{\nwidth:47.5%;\nmargin-left:5%;\n}\n<\/style>\n<div class='flex_column av-hs0cd-01fdc1b99fbd46d13beddd70336dfa9c av_one_half  avia-builder-el-12  el_after_av_one_half  el_before_av_one_full  flex_column_div '     ><section  class='av_textblock_section av-lfd1h8tq-abedd3ba4906aaf9c947c71ba6663aa7'  itemscope=\"itemscope\" itemtype=\"https:\/\/schema.org\/CreativeWork\" ><div class='avia_textblock'  itemprop=\"text\" ><p>Na\u0161 osnovni moto jeste personilizacija projektovanog prostora, odnosno implementiranje identiteta korisnika u budu\u0107i prostor, kako bi se u potpunosti zadovoljile potrebe svakog klijenta. Sa ponosom mo\u017eemo re\u0107i da su neki od najpose\u0107enijih hotela, apartmana upravo na\u0161i projekti, kao i individualni i kolektivni objekti, koji krase prostorni ambijent.<\/p>\n<p>Prodeco svojim klijentima pored dizajniranja i proizvodnje svih komponenti name\u0161taja za razne namene, nudi i uslugu nabavke unikatnih komada name\u0161taja i mobilijara. Uz sugestije na\u0161ih dizajnera koji nude kreativna idejna re\u0161enja za opremanje prostora, moderan mobilijar podrazumeva da dizajnirani komadi name\u0161taja mogu biti komplementarni sa luksuznom rasvetom i dizajniranim aksesoarima razli\u010ditih formi.<\/p>\n<p>Prodeco nudi projektovanje, izradu \u010deli\u010dnih monta\u017enih hala, magacina, skladi\u0161ta i izradu i monta\u017eu svih vrsta \u010deli\u010dnih konstrukcija. Nudimo i monta\u017eu krovnih i zidnih termoizolacionih panela.<\/p>\n<p>Nudimo izvo\u0111enje limarskih radova i monta\u017eu elemenata i pokrivki: OLUCI, OPSIVKE, KROVOVI, VENTILACIJA.<\/p>\n<p>Opremljeni smo za KOMPLETAN PROCES PROIZVODNJE i MONTA\u017dE uz strucan kadar sastavljen od in\u017eenjera, varilaca, profesinolnih montera, bravara, limara i dr.<\/p>\n<p>Nudimo izradu svih vrsta podova, industrijskih, epoksidnih, antikorozivnu za\u0161titu, zatim izrade razli\u010ditih STUDIJA o proceni uticaja na \u017eivotnu sredinu, elaborate za\u0161tite na radu, itd.<\/p>\n<\/div><\/section><\/div><div class='flex_column av-72ulp-8cb1712da5a2ce49b6e624cb07a64d6a av_one_full  avia-builder-el-14  el_after_av_one_half  avia-builder-el-last  first flex_column_div column-top-margin'     ><style type=\"text\/css\" data-created_by=\"avia_inline_auto\" id=\"style-css-av-lfct30n0-179e075e630f3ce8ab22f0ed2edb3bee\">\n.avia-image-container.av-lfct30n0-179e075e630f3ce8ab22f0ed2edb3bee img.avia_image{\nbox-shadow:none;\n}\n.avia-image-container.av-lfct30n0-179e075e630f3ce8ab22f0ed2edb3bee .av-image-caption-overlay-center{\ncolor:#ffffff;\n}\n<\/style>\n<div  class='avia-image-container av-lfct30n0-179e075e630f3ce8ab22f0ed2edb3bee av-styling-no-styling av-hover-grow av-hide-overflow avia-align-center  avia-builder-el-15  avia-builder-el-no-sibling '   itemprop=\"image\" itemscope=\"itemscope\" itemtype=\"https:\/\/schema.org\/ImageObject\" ><div class=\"avia-image-container-inner\"><div class=\"avia-image-overlay-wrap\"><img decoding=\"async\" class='wp-image-507 avia-img-lazy-loading-not-507 avia_image ' src=\"https:\/\/khaweb.dev\/prodeco\/wp-content\/uploads\/2023\/03\/prodeco-o-nama.jpg\" alt='' title=''  height=\"710\" width=\"1400\"  itemprop=\"thumbnailUrl\" srcset=\"https:\/\/khaweb.dev\/prodeco\/wp-content\/uploads\/2023\/03\/prodeco-o-nama.jpg 1400w, https:\/\/khaweb.dev\/prodeco\/wp-content\/uploads\/2023\/03\/prodeco-o-nama-300x152.jpg 300w, https:\/\/khaweb.dev\/prodeco\/wp-content\/uploads\/2023\/03\/prodeco-o-nama-768x389.jpg 768w, https:\/\/khaweb.dev\/prodeco\/wp-content\/uploads\/2023\/03\/prodeco-o-nama-1030x522.jpg 1030w, https:\/\/khaweb.dev\/prodeco\/wp-content\/uploads\/2023\/03\/prodeco-o-nama-705x358.jpg 705w, https:\/\/khaweb.dev\/prodeco\/wp-content\/uploads\/2023\/03\/prodeco-o-nama-197x100.jpg 197w\" sizes=\"(max-width: 1400px) 100vw, 1400px\" \/><\/div><\/div><\/div><\/div>\n<\/p>\n","protected":false},"excerpt":{"rendered":"","protected":false},"author":1,"featured_media":0,"parent":0,"menu_order":0,"comment_status":"closed","ping_status":"closed","template":"","meta":{"inline_featured_image":false,"footnotes":""},"class_list":["post-285","page","type-page","status-publish","hentry"],"_links":{"self":[{"href":"https:\/\/khaweb.dev\/prodeco\/wp-json\/wp\/v2\/pages\/285","targetHints":{"allow":["GET"]}}],"collection":[{"href":"https:\/\/khaweb.dev\/prodeco\/wp-json\/wp\/v2\/pages"}],"about":[{"href":"https:\/\/khaweb.dev\/prodeco\/wp-json\/wp\/v2\/types\/page"}],"author":[{"embeddable":true,"href":"https:\/\/khaweb.dev\/prodeco\/wp-json\/wp\/v2\/users\/1"}],"replies":[{"embeddable":true,"href":"https:\/\/khaweb.dev\/prodeco\/wp-json\/wp\/v2\/comments?post=285"}],"version-history":[{"count":10,"href":"https:\/\/khaweb.dev\/prodeco\/wp-json\/wp\/v2\/pages\/285\/revisions"}],"predecessor-version":[{"id":1093,"href":"https:\/\/khaweb.dev\/prodeco\/wp-json\/wp\/v2\/pages\/285\/revisions\/1093"}],"wp:attachment":[{"href":"https:\/\/khaweb.dev\/prodeco\/wp-json\/wp\/v2\/media?parent=285"}],"curies":[{"name":"wp","href":"https:\/\/api.w.org\/{rel}","templated":true}]}}